{"id":784,"date":"2021-04-13T08:14:31","date_gmt":"2021-04-13T06:14:31","guid":{"rendered":"https:\/\/www.comerciolocalesvital.com\/?page_id=784"},"modified":"2021-04-13T09:15:26","modified_gmt":"2021-04-13T07:15:26","slug":"home","status":"publish","type":"page","link":"https:\/\/comerciolocalesvital.com\/fr\/","title":{"rendered":"Home"},"content":{"rendered":"\t\t<div data-elementor-type=\"wp-page\" data-elementor-id=\"784\" class=\"elementor elementor-784 elementor-7\" data-elementor-settings=\"[]\">\n\t\t\t\t\t\t<div class=\"elementor-inner\">\n\t\t\t\t\t\t\t<div class=\"elementor-section-wrap\">\n\t\t\t\t\t\t\t<section class=\"elementor-section elementor-top-section elementor-element elementor-element-16d6bb6 elementor-section-full_width elementor-section-height-default elementor-section-height-default\" data-id=\"16d6bb6\" data-element_type=\"section\" data-settings=\"{&quot;background_background&quot;:&quot;classic&quot;}\">\n\t\t\t\t\t\t<div class=\"elementor-container elementor-column-gap-default\">\n\t\t\t\t\t\t\t<div class=\"elementor-row\">\n\t\t\t\t\t<div class=\"elementor-column elementor-col-100 elementor-top-column elementor-element elementor-element-99f5cc5\" data-id=\"99f5cc5\" data-element_type=\"column\">\n\t\t\t<div class=\"elementor-column-wrap elementor-element-populated\">\n\t\t\t\t\t\t\t<div class=\"elementor-widget-wrap\">\n\t\t\t\t\t\t<div class=\"elementor-element elementor-element-b137563 elementor-widget elementor-widget-spacer\" data-id=\"b137563\" data-element_type=\"widget\" data-widget_type=\"spacer.default\">\n\t\t\t\t<div class=\"elementor-widget-container\">\n\t\t\t\t\t<div class=\"elementor-spacer\">\n\t\t\t<div class=\"elementor-spacer-inner\"><\/div>\n\t\t<\/div>\n\t\t\t\t<\/div>\n\t\t\t\t<\/div>\n\t\t\t\t<section class=\"elementor-section elementor-inner-section elementor-element elementor-element-c4ec4e5 elementor-section-boxed elementor-section-height-default elementor-section-height-default\" data-id=\"c4ec4e5\" data-element_type=\"section\">\n\t\t\t\t\t\t<div class=\"elementor-container elementor-column-gap-default\">\n\t\t\t\t\t\t\t<div class=\"elementor-row\">\n\t\t\t\t\t<div class=\"elementor-column elementor-col-100 elementor-inner-column elementor-element elementor-element-3aeeb58\" data-id=\"3aeeb58\" data-element_type=\"column\" id=\"container_posters\">\n\t\t\t<div class=\"elementor-column-wrap elementor-element-populated\">\n\t\t\t\t\t\t\t<div class=\"elementor-widget-wrap\">\n\t\t\t\t\t\t<div class=\"elementor-element elementor-element-af9d9ec elementor-widget__width-auto elementor-widget elementor-widget-heading\" data-id=\"af9d9ec\" data-element_type=\"widget\" data-widget_type=\"heading.default\">\n\t\t\t\t<div class=\"elementor-widget-container\">\n\t\t\t<h2 class=\"elementor-heading-title elementor-size-default\">#ComercioLocalEsVital<\/h2>\t\t<\/div>\n\t\t\t\t<\/div>\n\t\t\t\t\t\t<\/div>\n\t\t\t\t\t<\/div>\n\t\t<\/div>\n\t\t\t\t\t\t\t\t<\/div>\n\t\t\t\t\t<\/div>\n\t\t<\/section>\n\t\t\t\t<div class=\"elementor-element elementor-element-0e92b11 elementor-widget elementor-widget-image\" data-id=\"0e92b11\" data-element_type=\"widget\" data-widget_type=\"image.default\">\n\t\t\t\t<div class=\"elementor-widget-container\">\n\t\t\t\t\t\t\t\t<div class=\"elementor-image\">\n\t\t\t\t\t\t\t\t\t\t\t\t<img width=\"1920\" height=\"1250\" src=\"https:\/\/comerciolocalesvital.com\/wp-content\/uploads\/2020\/04\/BG_landing_illustracions-1.png\" class=\"attachment-full size-full\" alt=\"\" loading=\"lazy\" srcset=\"https:\/\/comerciolocalesvital.com\/wp-content\/uploads\/2020\/04\/BG_landing_illustracions-1.png 1920w, https:\/\/comerciolocalesvital.com\/wp-content\/uploads\/2020\/04\/BG_landing_illustracions-1.png 300w, https:\/\/comerciolocalesvital.com\/wp-content\/uploads\/2020\/04\/BG_landing_illustracions-1.png 1024w, https:\/\/comerciolocalesvital.com\/wp-content\/uploads\/2020\/04\/BG_landing_illustracions-1.png 768w, https:\/\/comerciolocalesvital.com\/wp-content\/uploads\/2020\/04\/BG_landing_illustracions-1.png 1536w\" sizes=\"(max-width: 1920px) 100vw, 1920px\" \/>\t\t\t\t\t\t\t\t\t\t\t\t\t\t<\/div>\n\t\t\t\t\t\t<\/div>\n\t\t\t\t<\/div>\n\t\t\t\t<section class=\"elementor-section elementor-inner-section elementor-element elementor-element-bb3c6ed elementor-section-boxed elementor-section-height-default elementor-section-height-default\" data-id=\"bb3c6ed\" data-element_type=\"section\">\n\t\t\t\t\t\t<div class=\"elementor-container elementor-column-gap-default\">\n\t\t\t\t\t\t\t<div class=\"elementor-row\">\n\t\t\t\t\t<div class=\"elementor-column elementor-col-100 elementor-inner-column elementor-element elementor-element-6ee8e02\" data-id=\"6ee8e02\" data-element_type=\"column\">\n\t\t\t<div class=\"elementor-column-wrap elementor-element-populated\">\n\t\t\t\t\t\t\t<div class=\"elementor-widget-wrap\">\n\t\t\t\t\t\t<div class=\"elementor-element elementor-element-e972859 elementor-widget elementor-widget-text-editor\" data-id=\"e972859\" data-element_type=\"widget\" data-widget_type=\"text-editor.default\">\n\t\t\t\t<div class=\"elementor-widget-container\">\n\t\t\t\t\t\t\t\t<div class=\"elementor-text-editor elementor-clearfix\">\n\t\t\t\t\t<p>Vous avez souvent entendu dans les m\u00e9dias que nous devrions stimuler l&rsquo;\u00e9conomie locale en faisant des achats dans nos magasins de quartier. Nous aimerions tous consommer localement et acheter dans notre ville, mais comment le faire sans \u00eatre p\u00e9nalis\u00e9 si le e-commerce et la livraison \u00e0 domicile offrent des avantages aussi importants?<\/p><p>Vous trouverez ici tout ce que vous devez savoir sur le commerce local: sa d\u00e9finition, les avantages de consommer dans nos magasins de proximit\u00e9, comment trouver les meilleurs magasins locaux et des conseils pour interagir avec eux.<\/p>\t\t\t\t\t<\/div>\n\t\t\t\t\t\t<\/div>\n\t\t\t\t<\/div>\n\t\t\t\t<div class=\"elementor-element elementor-element-874a52c elementor-aspect-ratio-169 elementor-widget elementor-widget-video\" data-id=\"874a52c\" data-element_type=\"widget\" data-settings=\"{&quot;youtube_url&quot;:&quot;https:\\\/\\\/www.youtube.com\\\/watch?v=3MO8Hjlv7Tk&quot;,&quot;loop&quot;:&quot;yes&quot;,&quot;video_type&quot;:&quot;youtube&quot;,&quot;controls&quot;:&quot;yes&quot;,&quot;aspect_ratio&quot;:&quot;169&quot;}\" data-widget_type=\"video.default\">\n\t\t\t\t<div class=\"elementor-widget-container\">\n\t\t\t\t\t<div class=\"elementor-wrapper elementor-fit-aspect-ratio elementor-open-inline\">\n\t\t\t<div class=\"elementor-video\"><\/div>\t\t<\/div>\n\t\t\t\t<\/div>\n\t\t\t\t<\/div>\n\t\t\t\t\t\t<\/div>\n\t\t\t\t\t<\/div>\n\t\t<\/div>\n\t\t\t\t\t\t\t\t<\/div>\n\t\t\t\t\t<\/div>\n\t\t<\/section>\n\t\t\t\t\t\t<\/div>\n\t\t\t\t\t<\/div>\n\t\t<\/div>\n\t\t\t\t\t\t\t\t<\/div>\n\t\t\t\t\t<\/div>\n\t\t<\/section>\n\t\t\t\t\t\t<\/div>\n\t\t\t\t\t\t<\/div>\n\t\t\t\t\t<\/div>\n\t\t","protected":false},"excerpt":{"rendered":"<p>#ComercioLocalEsVital Vous avez souvent entendu dans les m\u00e9dias que nous devrions stimuler l&rsquo;\u00e9conomie locale en faisant des achats dans nos magasins de quartier. Nous aimerions tous consommer localement et acheter dans notre ville, mais comment le faire sans \u00eatre p\u00e9nalis\u00e9 si le e-commerce et la livraison \u00e0 domicile offrent des avantages aussi importants? Vous trouverez&hellip;&nbsp;<a href=\"https:\/\/comerciolocalesvital.com\/fr\/\" class=\"\" rel=\"bookmark\">Lire la suite &raquo;<span class=\"screen-reader-text\">Home<\/span><\/a><\/p>\n","protected":false},"author":4,"featured_media":0,"parent":0,"menu_order":0,"comment_status":"closed","ping_status":"closed","template":"page-templates\/template-pagebuilder-full-width.php","meta":[],"_links":{"self":[{"href":"https:\/\/comerciolocalesvital.com\/fr\/wp-json\/wp\/v2\/pages\/784"}],"collection":[{"href":"https:\/\/comerciolocalesvital.com\/fr\/wp-json\/wp\/v2\/pages"}],"about":[{"href":"https:\/\/comerciolocalesvital.com\/fr\/wp-json\/wp\/v2\/types\/page"}],"author":[{"embeddable":true,"href":"https:\/\/comerciolocalesvital.com\/fr\/wp-json\/wp\/v2\/users\/4"}],"replies":[{"embeddable":true,"href":"https:\/\/comerciolocalesvital.com\/fr\/wp-json\/wp\/v2\/comments?post=784"}],"version-history":[{"count":15,"href":"https:\/\/comerciolocalesvital.com\/fr\/wp-json\/wp\/v2\/pages\/784\/revisions"}],"predecessor-version":[{"id":866,"href":"https:\/\/comerciolocalesvital.com\/fr\/wp-json\/wp\/v2\/pages\/784\/revisions\/866"}],"wp:attachment":[{"href":"https:\/\/comerciolocalesvital.com\/fr\/wp-json\/wp\/v2\/media?parent=784"}],"curies":[{"name":"wp","href":"https:\/\/api.w.org\/{rel}","templated":true}]}}