{"id":1112,"date":"2021-04-19T13:26:23","date_gmt":"2021-04-19T11:26:23","guid":{"rendered":"https:\/\/www.comerciolocalesvital.com\/?page_id=1112"},"modified":"2021-04-19T13:29:57","modified_gmt":"2021-04-19T11:29:57","slug":"pourquoi-lancons-nous-cette-campagne","status":"publish","type":"page","link":"https:\/\/comerciolocalesvital.com\/fr\/pourquoi-lancons-nous-cette-campagne\/","title":{"rendered":"Pourquoi lan\u00e7ons nous cette campagne?"},"content":{"rendered":"\t\t<div data-elementor-type=\"wp-page\" data-elementor-id=\"1112\" class=\"elementor elementor-1112 elementor-105\" data-elementor-settings=\"[]\">\n\t\t\t\t\t\t<div class=\"elementor-inner\">\n\t\t\t\t\t\t\t<div class=\"elementor-section-wrap\">\n\t\t\t\t\t\t\t<section class=\"elementor-section elementor-top-section elementor-element elementor-element-71fb3496 elementor-section-boxed elementor-section-height-default elementor-section-height-default\" data-id=\"71fb3496\" data-element_type=\"section\" data-settings=\"{&quot;background_background&quot;:&quot;classic&quot;}\">\n\t\t\t\t\t\t<div class=\"elementor-container elementor-column-gap-default\">\n\t\t\t\t\t\t\t<div class=\"elementor-row\">\n\t\t\t\t\t<div class=\"elementor-column elementor-col-100 elementor-top-column elementor-element elementor-element-29b5b186\" data-id=\"29b5b186\" data-element_type=\"column\">\n\t\t\t<div class=\"elementor-column-wrap elementor-element-populated\">\n\t\t\t\t\t\t\t<div class=\"elementor-widget-wrap\">\n\t\t\t\t\t\t<div class=\"elementor-element elementor-element-59d39aa0 elementor-widget elementor-widget-spacer\" data-id=\"59d39aa0\" data-element_type=\"widget\" data-widget_type=\"spacer.default\">\n\t\t\t\t<div class=\"elementor-widget-container\">\n\t\t\t\t\t<div class=\"elementor-spacer\">\n\t\t\t<div class=\"elementor-spacer-inner\"><\/div>\n\t\t<\/div>\n\t\t\t\t<\/div>\n\t\t\t\t<\/div>\n\t\t\t\t<section class=\"elementor-section elementor-inner-section elementor-element elementor-element-7f178858 elementor-section-boxed elementor-section-height-default elementor-section-height-default\" data-id=\"7f178858\" data-element_type=\"section\">\n\t\t\t\t\t\t<div class=\"elementor-container elementor-column-gap-default\">\n\t\t\t\t\t\t\t<div class=\"elementor-row\">\n\t\t\t\t\t<div class=\"elementor-column elementor-col-100 elementor-inner-column elementor-element elementor-element-25f9ab46\" data-id=\"25f9ab46\" data-element_type=\"column\">\n\t\t\t<div class=\"elementor-column-wrap elementor-element-populated\">\n\t\t\t\t\t\t\t<div class=\"elementor-widget-wrap\">\n\t\t\t\t\t\t<div class=\"elementor-element elementor-element-5b2c11f elementor-widget elementor-widget-heading\" data-id=\"5b2c11f\" data-element_type=\"widget\" data-widget_type=\"heading.default\">\n\t\t\t\t<div class=\"elementor-widget-container\">\n\t\t\t<h2 class=\"elementor-heading-title elementor-size-default\">Gosbi et sa politique commerciale<\/h2>\t\t<\/div>\n\t\t\t\t<\/div>\n\t\t\t\t<div class=\"elementor-element elementor-element-32cb9c4e elementor-widget__width-auto elementor-widget elementor-widget-heading\" data-id=\"32cb9c4e\" data-element_type=\"widget\" data-widget_type=\"heading.default\">\n\t\t\t\t<div class=\"elementor-widget-container\">\n\t\t\t<h2 class=\"elementor-heading-title elementor-size-default\">#ComercioLocalEsVital<\/h2>\t\t<\/div>\n\t\t\t\t<\/div>\n\t\t\t\t\t\t<\/div>\n\t\t\t\t\t<\/div>\n\t\t<\/div>\n\t\t\t\t\t\t\t\t<\/div>\n\t\t\t\t\t<\/div>\n\t\t<\/section>\n\t\t\t\t\t\t<\/div>\n\t\t\t\t\t<\/div>\n\t\t<\/div>\n\t\t\t\t\t\t\t\t<\/div>\n\t\t\t\t\t<\/div>\n\t\t<\/section>\n\t\t\t\t<section class=\"elementor-section elementor-top-section elementor-element elementor-element-4b3aa2a9 elementor-section-boxed elementor-section-height-default elementor-section-height-default\" data-id=\"4b3aa2a9\" data-element_type=\"section\" data-settings=\"{&quot;background_background&quot;:&quot;classic&quot;}\">\n\t\t\t\t\t\t<div class=\"elementor-container elementor-column-gap-default\">\n\t\t\t\t\t\t\t<div class=\"elementor-row\">\n\t\t\t\t\t<div class=\"elementor-column elementor-col-100 elementor-top-column elementor-element elementor-element-717e9cb7\" data-id=\"717e9cb7\" data-element_type=\"column\">\n\t\t\t<div class=\"elementor-column-wrap elementor-element-populated\">\n\t\t\t\t\t\t\t<div class=\"elementor-widget-wrap\">\n\t\t\t\t\t\t<div class=\"elementor-element elementor-element-7e22f638 elementor-widget elementor-widget-text-editor\" data-id=\"7e22f638\" data-element_type=\"widget\" data-widget_type=\"text-editor.default\">\n\t\t\t\t<div class=\"elementor-widget-container\">\n\t\t\t\t\t\t\t\t<div class=\"elementor-text-editor elementor-clearfix\">\n\t\t\t\t\t<p style=\"text-align: center;\"><span style=\"font-weight: 400;\">GOSBI est une entreprise familiale de produits alimentaires pour animaux de compagnie qui mise r\u00e9solument sur la qualit\u00e9, l&rsquo;honn\u00eatet\u00e9 et le respect des animaux, dans le but d&rsquo;offrir des solutions aux familles qui leur permettent de vivre une vie plus naturelle, saine et heureuse, avec leurs animaux \u00e0 poils.<\/span><span style=\"font-weight: 400;\">\u00a0<\/span><\/p>\n<p style=\"text-align: center;\"><span style=\"font-weight: 400;\">Les produits GOSBI ne se trouvent pas dans les supermarch\u00e9s ou les grandes cha\u00eenes du secteur des animaux de compagnie. Ils ne sont vendus que dans les magasins locaux, dans les magasins sp\u00e9cialis\u00e9s et les cliniques v\u00e9t\u00e9rinaires. Ni sur Amazon ni sur aucun autre g\u00e9ant num\u00e9rique. Nos produits ne sont vendus qu&rsquo;en ligne via notre propre site Web et dans toutes les ventes, nous partageons les b\u00e9n\u00e9fices avec le commerce de confiance des utilisateurs de la boutique en ligne, gr\u00e2ce au lien cr\u00e9\u00e9 entre le commerce et le consommateur par la recommandation active de nos produits.<\/span><\/p>\n<p style=\"text-align: center;\"><span style=\"font-weight: 400;\"> Le choix du commerce local comme canal exclusif de nos produits est n\u00e9 naturellement et a \u00e9t\u00e9 un facteur d\u00e9terminant pour la r\u00e9ussite de notre projet. Nous nous engageons envers le commerce sp\u00e9cialis\u00e9 et le v\u00e9t\u00e9rinaire en tant que conseillers professionnels de nos produits, sachant qu&rsquo;il n&rsquo;y a pas de meilleur moyen de communiquer la confiance et la cr\u00e9dibilit\u00e9.<\/span><span style=\"font-weight: 400;\">\u00a0<\/span><\/p>\n<p style=\"text-align: center;\"><span style=\"font-weight: 400;\">Nous avons toujours \u00e9t\u00e9 proches du commerce local, c&rsquo;est notre habitat naturel, mais maintenant nous sentons que nous devons aller de l&rsquo;avant et mener un projet de sensibilisation \u00e0 la n\u00e9cessit\u00e9 de ce type de commerce. Si nous abandonnons le commerce local, nos villes changeront et il n&rsquo;y aura pas de retour en arri\u00e8re. Le r\u00e9sultat sera des villes-dortoirs, des rues vides et dangereuses, l&rsquo;anonymat et l&rsquo;individualisme.\n<\/span><\/p>\n<p style=\"text-align: center;\"><span style=\"font-weight: 400;\"> Nous estimons que nous avons une obligation morale de sortir et de d\u00e9fendre le commerce local. Il ne s&rsquo;agit plus seulement d&rsquo;une question de durabilit\u00e9, il s&rsquo;agit de donner du sens \u00e0 notre activit\u00e9. Nous pensons que les entreprises sont plus que des comptes de r\u00e9sultat et que c&rsquo;est le moment de travailler pour d\u00e9fendre les valeurs de proximit\u00e9, de tradition, de savoir-faire et de convivialit\u00e9. <\/span><\/p>\t\t\t\t\t<\/div>\n\t\t\t\t\t\t<\/div>\n\t\t\t\t<\/div>\n\t\t\t\t\t\t<\/div>\n\t\t\t\t\t<\/div>\n\t\t<\/div>\n\t\t\t\t\t\t\t\t<\/div>\n\t\t\t\t\t<\/div>\n\t\t<\/section>\n\t\t\t\t\t\t<\/div>\n\t\t\t\t\t\t<\/div>\n\t\t\t\t\t<\/div>\n\t\t","protected":false},"excerpt":{"rendered":"<p>Gosbi et sa politique commerciale #ComercioLocalEsVital GOSBI est une entreprise familiale de produits alimentaires pour animaux de compagnie qui mise r\u00e9solument sur la qualit\u00e9, l&rsquo;honn\u00eatet\u00e9 et le respect des animaux, dans le but d&rsquo;offrir des solutions aux familles qui leur permettent de vivre une vie plus naturelle, saine et heureuse, avec leurs animaux \u00e0 poils.&nbsp;&hellip;&nbsp;<a href=\"https:\/\/comerciolocalesvital.com\/fr\/pourquoi-lancons-nous-cette-campagne\/\" class=\"\" rel=\"bookmark\">Lire la suite &raquo;<span class=\"screen-reader-text\">Pourquoi lan\u00e7ons nous cette campagne?<\/span><\/a><\/p>\n","protected":false},"author":4,"featured_media":0,"parent":0,"menu_order":0,"comment_status":"closed","ping_status":"closed","template":"page-templates\/template-pagebuilder-full-width.php","meta":[],"_links":{"self":[{"href":"https:\/\/comerciolocalesvital.com\/fr\/wp-json\/wp\/v2\/pages\/1112"}],"collection":[{"href":"https:\/\/comerciolocalesvital.com\/fr\/wp-json\/wp\/v2\/pages"}],"about":[{"href":"https:\/\/comerciolocalesvital.com\/fr\/wp-json\/wp\/v2\/types\/page"}],"author":[{"embeddable":true,"href":"https:\/\/comerciolocalesvital.com\/fr\/wp-json\/wp\/v2\/users\/4"}],"replies":[{"embeddable":true,"href":"https:\/\/comerciolocalesvital.com\/fr\/wp-json\/wp\/v2\/comments?post=1112"}],"version-history":[{"count":5,"href":"https:\/\/comerciolocalesvital.com\/fr\/wp-json\/wp\/v2\/pages\/1112\/revisions"}],"predecessor-version":[{"id":1117,"href":"https:\/\/comerciolocalesvital.com\/fr\/wp-json\/wp\/v2\/pages\/1112\/revisions\/1117"}],"wp:attachment":[{"href":"https:\/\/comerciolocalesvital.com\/fr\/wp-json\/wp\/v2\/media?parent=1112"}],"curies":[{"name":"wp","href":"https:\/\/api.w.org\/{rel}","templated":true}]}}