{"id":1104,"date":"2021-04-19T13:20:13","date_gmt":"2021-04-19T11:20:13","guid":{"rendered":"https:\/\/www.comerciolocalesvital.com\/?page_id=1104"},"modified":"2021-04-19T13:25:02","modified_gmt":"2021-04-19T11:25:02","slug":"conseils-pour-faciliter-les-achats-dans-les-magasins-locaux","status":"publish","type":"page","link":"https:\/\/comerciolocalesvital.com\/fr\/conseils-pour-faciliter-les-achats-dans-les-magasins-locaux\/","title":{"rendered":"Conseils pour faciliter les achats dans les magasins locaux"},"content":{"rendered":"\t\t<div data-elementor-type=\"wp-page\" data-elementor-id=\"1104\" class=\"elementor elementor-1104 elementor-103\" data-elementor-settings=\"[]\">\n\t\t\t\t\t\t<div class=\"elementor-inner\">\n\t\t\t\t\t\t\t<div class=\"elementor-section-wrap\">\n\t\t\t\t\t\t\t<section class=\"elementor-section elementor-top-section elementor-element elementor-element-2d0a03b9 elementor-section-boxed elementor-section-height-default elementor-section-height-default\" data-id=\"2d0a03b9\" data-element_type=\"section\" data-settings=\"{&quot;background_background&quot;:&quot;classic&quot;}\">\n\t\t\t\t\t\t<div class=\"elementor-container elementor-column-gap-default\">\n\t\t\t\t\t\t\t<div class=\"elementor-row\">\n\t\t\t\t\t<div class=\"elementor-column elementor-col-100 elementor-top-column elementor-element elementor-element-2dfbbd4f\" data-id=\"2dfbbd4f\" data-element_type=\"column\">\n\t\t\t<div class=\"elementor-column-wrap elementor-element-populated\">\n\t\t\t\t\t\t\t<div class=\"elementor-widget-wrap\">\n\t\t\t\t\t\t<div class=\"elementor-element elementor-element-51d58c4a elementor-widget elementor-widget-spacer\" data-id=\"51d58c4a\" data-element_type=\"widget\" data-widget_type=\"spacer.default\">\n\t\t\t\t<div class=\"elementor-widget-container\">\n\t\t\t\t\t<div class=\"elementor-spacer\">\n\t\t\t<div class=\"elementor-spacer-inner\"><\/div>\n\t\t<\/div>\n\t\t\t\t<\/div>\n\t\t\t\t<\/div>\n\t\t\t\t<section class=\"elementor-section elementor-inner-section elementor-element elementor-element-71b66716 elementor-section-boxed elementor-section-height-default elementor-section-height-default\" data-id=\"71b66716\" data-element_type=\"section\">\n\t\t\t\t\t\t<div class=\"elementor-container elementor-column-gap-default\">\n\t\t\t\t\t\t\t<div class=\"elementor-row\">\n\t\t\t\t\t<div class=\"elementor-column elementor-col-100 elementor-inner-column elementor-element elementor-element-b8217ed\" data-id=\"b8217ed\" data-element_type=\"column\">\n\t\t\t<div class=\"elementor-column-wrap elementor-element-populated\">\n\t\t\t\t\t\t\t<div class=\"elementor-widget-wrap\">\n\t\t\t\t\t\t<div class=\"elementor-element elementor-element-40de2092 elementor-widget__width-auto elementor-widget elementor-widget-heading\" data-id=\"40de2092\" data-element_type=\"widget\" data-widget_type=\"heading.default\">\n\t\t\t\t<div class=\"elementor-widget-container\">\n\t\t\t<h2 class=\"elementor-heading-title elementor-size-default\">#ComercioLocalEsVital<\/h2>\t\t<\/div>\n\t\t\t\t<\/div>\n\t\t\t\t\t\t<\/div>\n\t\t\t\t\t<\/div>\n\t\t<\/div>\n\t\t\t\t\t\t\t\t<\/div>\n\t\t\t\t\t<\/div>\n\t\t<\/section>\n\t\t\t\t\t\t<\/div>\n\t\t\t\t\t<\/div>\n\t\t<\/div>\n\t\t\t\t\t\t\t\t<\/div>\n\t\t\t\t\t<\/div>\n\t\t<\/section>\n\t\t\t\t<section class=\"elementor-section elementor-top-section elementor-element elementor-element-3bd1792b elementor-section-boxed elementor-section-height-default elementor-section-height-default\" data-id=\"3bd1792b\" data-element_type=\"section\" data-settings=\"{&quot;background_background&quot;:&quot;classic&quot;}\">\n\t\t\t\t\t\t<div class=\"elementor-container elementor-column-gap-default\">\n\t\t\t\t\t\t\t<div class=\"elementor-row\">\n\t\t\t\t\t<div class=\"elementor-column elementor-col-100 elementor-top-column elementor-element elementor-element-cbbd943\" data-id=\"cbbd943\" data-element_type=\"column\">\n\t\t\t<div class=\"elementor-column-wrap elementor-element-populated\">\n\t\t\t\t\t\t\t<div class=\"elementor-widget-wrap\">\n\t\t\t\t\t\t<section class=\"elementor-section elementor-inner-section elementor-element elementor-element-57cc2510 left_aligned_container elementor-section-boxed elementor-section-height-default elementor-section-height-default elementor-invisible\" data-id=\"57cc2510\" data-element_type=\"section\" data-settings=\"{&quot;animation&quot;:&quot;fadeInUp&quot;}\">\n\t\t\t\t\t\t<div class=\"elementor-container elementor-column-gap-default\">\n\t\t\t\t\t\t\t<div class=\"elementor-row\">\n\t\t\t\t\t<div class=\"elementor-column elementor-col-100 elementor-inner-column elementor-element elementor-element-859bbf1\" data-id=\"859bbf1\" data-element_type=\"column\">\n\t\t\t<div class=\"elementor-column-wrap elementor-element-populated\">\n\t\t\t\t\t\t\t<div class=\"elementor-widget-wrap\">\n\t\t\t\t\t\t<div class=\"elementor-element elementor-element-259aea7b elementor-widget elementor-widget-heading\" data-id=\"259aea7b\" data-element_type=\"widget\" data-widget_type=\"heading.default\">\n\t\t\t\t<div class=\"elementor-widget-container\">\n\t\t\t<h2 class=\"elementor-heading-title elementor-size-default\">Comment trouver la boutique dont vous avez besoin?<\/h2>\t\t<\/div>\n\t\t\t\t<\/div>\n\t\t\t\t<div class=\"elementor-element elementor-element-5bd939ed elementor-widget-divider--view-line elementor-widget elementor-widget-divider\" data-id=\"5bd939ed\" data-element_type=\"widget\" data-widget_type=\"divider.default\">\n\t\t\t\t<div class=\"elementor-widget-container\">\n\t\t\t\t\t<div class=\"elementor-divider\">\n\t\t\t<span class=\"elementor-divider-separator\">\n\t\t\t\t\t\t<\/span>\n\t\t<\/div>\n\t\t\t\t<\/div>\n\t\t\t\t<\/div>\n\t\t\t\t<div class=\"elementor-element elementor-element-7c923ac elementor-widget elementor-widget-text-editor\" data-id=\"7c923ac\" data-element_type=\"widget\" data-widget_type=\"text-editor.default\">\n\t\t\t\t<div class=\"elementor-widget-container\">\n\t\t\t\t\t\t\t\t<div class=\"elementor-text-editor elementor-clearfix\">\n\t\t\t\t\t<strong>1. <b> Achetez dans les magasins les plus proches: <\/b><span style=\"font-weight: 400;\"> le boulanger au coin de la rue, le salon de coiffure du quartier, le petit supermarch\u00e9 du centre-ville, etc. En \u00e9tant bien install\u00e9s dans les environs, les petits commer\u00e7ants cherchent \u00e0 satisfaire les besoins de leurs voisins en les \u00e9coutant et en leur fournissant un service personnalis\u00e9. Ainsi, gr\u00e2ce \u00e0 la r\u00e9gularit\u00e9 et au traitement avec le commer\u00e7ant, le client finit par trouver le service et le produit qu\u2019il souhaite obtenir.<\/span><\/strong>\n\n<strong>2. <b> Renseignez-vous par le bouche-\u00e0-oreille: <\/b><span style=\"font-weight: 400;\"> le bouche-\u00e0-oreille reste un puissant moyen de trouver de bons vendeurs et de bons produits. La relation que vous avez avec des personnes plus proches ou mieux consid\u00e9r\u00e9es permettra au commer\u00e7ant de construire une r\u00e9putation qui sera beaucoup plus forte que celle obtenue par une campagne de marketing et de publicit\u00e9.<\/span><\/strong>\n\n<strong>3. <b> Effectuez une recherche sur internet: <\/b><span style=\"font-weight: 400;\"> le commerce de proximit\u00e9 est de plus en plus pr\u00e9sent dans le monde num\u00e9rique et c&rsquo;est une excellente nouvelle pour les consommateurs. Plusieurs pages internet vous aident \u00e0 trouver de bonnes adresses. La plus \u00e9vidente est l&rsquo;utilisation de Google, qui utilise des donn\u00e9es de g\u00e9olocalisation pour donner les noms et adresses des commer\u00e7ants situ\u00e9s \u00e0 proximit\u00e9 de la position de l&rsquo;utilisateur, en r\u00e9ponse \u00e0 une demande de type \u00abP\u00e2tisserie\u00bb ou \u00abCordonnier\u00bb. Ce service appel\u00e9 Google My Business, permet \u00e0 un commer\u00e7ant d&rsquo;avoir facilement une pr\u00e9sence num\u00e9rique minimale avec certaines informations essentielles, telles que les heures d&rsquo;ouverture, l&rsquo;adresse ou le num\u00e9ro de t\u00e9l\u00e9phone. De toute \u00e9vidence, il existe des sites et des applications plus sp\u00e9cialis\u00e9s qui vous permettront de trouver le bon commer\u00e7ant, comme la plateforme Yelp locale, qui r\u00e9pertorie les entreprises du quartier les plus proches de votre emplacement ainsi que les avis des consommateurs. <\/span><\/strong>\t\t\t\t\t<\/div>\n\t\t\t\t\t\t<\/div>\n\t\t\t\t<\/div>\n\t\t\t\t\t\t<\/div>\n\t\t\t\t\t<\/div>\n\t\t<\/div>\n\t\t\t\t\t\t\t\t<\/div>\n\t\t\t\t\t<\/div>\n\t\t<\/section>\n\t\t\t\t<section class=\"elementor-section elementor-inner-section elementor-element elementor-element-d030a42 right_aligned_container elementor-section-boxed elementor-section-height-default elementor-section-height-default elementor-invisible\" data-id=\"d030a42\" data-element_type=\"section\" data-settings=\"{&quot;animation&quot;:&quot;fadeInUp&quot;}\">\n\t\t\t\t\t\t<div class=\"elementor-container elementor-column-gap-default\">\n\t\t\t\t\t\t\t<div class=\"elementor-row\">\n\t\t\t\t\t<div class=\"elementor-column elementor-col-100 elementor-inner-column elementor-element elementor-element-325c97da\" data-id=\"325c97da\" data-element_type=\"column\">\n\t\t\t<div class=\"elementor-column-wrap elementor-element-populated\">\n\t\t\t\t\t\t\t<div class=\"elementor-widget-wrap\">\n\t\t\t\t\t\t<div class=\"elementor-element elementor-element-503956d6 elementor-widget elementor-widget-heading\" data-id=\"503956d6\" data-element_type=\"widget\" data-widget_type=\"heading.default\">\n\t\t\t\t<div class=\"elementor-widget-container\">\n\t\t\t<h2 class=\"elementor-heading-title elementor-size-default\">Changez certaines habitudes<\/h2>\t\t<\/div>\n\t\t\t\t<\/div>\n\t\t\t\t<div class=\"elementor-element elementor-element-665d3203 elementor-widget-divider--view-line elementor-widget elementor-widget-divider\" data-id=\"665d3203\" data-element_type=\"widget\" data-widget_type=\"divider.default\">\n\t\t\t\t<div class=\"elementor-widget-container\">\n\t\t\t\t\t<div class=\"elementor-divider\">\n\t\t\t<span class=\"elementor-divider-separator\">\n\t\t\t\t\t\t<\/span>\n\t\t<\/div>\n\t\t\t\t<\/div>\n\t\t\t\t<\/div>\n\t\t\t\t<div class=\"elementor-element elementor-element-ee0dcb elementor-widget elementor-widget-text-editor\" data-id=\"ee0dcb\" data-element_type=\"widget\" data-widget_type=\"text-editor.default\">\n\t\t\t\t<div class=\"elementor-widget-container\">\n\t\t\t\t\t\t\t\t<div class=\"elementor-text-editor elementor-clearfix\">\n\t\t\t\t\t<p style=\"text-align: right;\"><strong>1. <b>Equipez-vous de tout ce dont vous avez besoin: <\/b><span style=\"font-weight: 400;\"> Pour consommer localement, il est n\u00e9cessaire d&rsquo;avoir les bons articles pour transporter ce que nous avons achet\u00e9. Les caddies sont tr\u00e8s utiles pour faire du shopping \u00e0 pied, surtout s&rsquo;ils ont un volume relativement important. Sinon, quelques sacs fourre-tout feront l&rsquo;affaire. Choisissez-les avec des poign\u00e9es confortables, surtout si vous devez beaucoup marcher. Vous voyagez \u00e0 v\u00e9lo? Avez-vous pens\u00e9 au panier ou au sac pratique pour transporter vos achats? Un sac \u00e0 dos suffira \u00e9galement pour les petits achats. C&rsquo;est l&rsquo;occasion d&rsquo;investir dans certains sacs en vrac ou autres r\u00e9cipients adapt\u00e9s \u00e0 cet usage pour avancer vers le z\u00e9ro d\u00e9chet. Enfin, ayez toujours ces sacs \u00e0 port\u00e9e de main, cela facilitera l&rsquo;automatisation de ces nouvelles habitudes. <\/span><\/strong><\/p>\n<p style=\"text-align: right;\"><strong>2. <b>Organisez vos achats:<\/b><span style=\"font-weight: 400;\"> Aviez-vous l&rsquo;habitude de faire vos courses une fois par semaine? Vous devrez probablement faire vos courses un peu plus souvent en vous rendant dans les magasins de proximit\u00e9. Vous gagnerez en fra\u00eecheur et en qualit\u00e9 de produit. Pour gagner du temps, vous pouvez adopter de nouvelles habitudes. Par exemple, passez la commande en ligne \u00e0 votre boucher pendant votre pause au bureau et demandez \u00e0 votre fils a\u00een\u00e9 de r\u00e9cup\u00e9rer la commande lorsqu&rsquo;il sort de l&rsquo;\u00e9cole. <\/span><\/strong><\/p>\n<p style=\"text-align: right;\"><strong>3. <b>Ouvrez-vous \u00e0 la conversation et aux nouvelles relations sociales: <\/b><span style=\"font-weight: 400;\"> ne vous comportez pas avec votre petit commer\u00e7ant comme vous le faites dans un supermarch\u00e9. \u00c0 force de les fr\u00e9quenter, on apprend \u00e0 conna\u00eetre les vendeurs dans les magasins locaux et on cr\u00e9e un lien qui contribue \u00e0 cr\u00e9er une coh\u00e9rence sociale au sein du quartier ou de la ville. Alors, plus que jamais, faites preuve de courtoisie et de politesse. D\u00e9veloppez des relations avec le commer\u00e7ant, ainsi qu&rsquo;avec d&rsquo;autres clients.<\/span><\/strong><\/p>\n<p style=\"text-align: right;\"><strong>4. <b>Laissez libre cours \u00e0 votre curiosit\u00e9: <\/b><span style=\"font-weight: 400;\"> Le commer\u00e7ant conna\u00eet ses produits mieux que quiconque car c&rsquo;est lui qui les choisit, il les fabrique souvent m\u00eame. N&rsquo;h\u00e9sitez pas \u00e0 poser des questions sur l&rsquo;origine des produits, leur fabrication, leur histoire &#8230; Tr\u00e8s souvent le commer\u00e7ant est passionn\u00e9 par ce qu&rsquo;il vend et se fera un plaisir de vous donner toutes les informations sur ses produits. C&rsquo;est lors de ces \u00e9changes informels que le professionnel peut adapter son offre et ses services \u00e0 vos attentes. Les questionnaires de satisfaction ne sont pas n\u00e9cessaires, le contact direct et spontan\u00e9 entre le client et le commer\u00e7ant est un v\u00e9ritable point fort du commerce local.<\/span><\/strong><\/p>\t\t\t\t\t<\/div>\n\t\t\t\t\t\t<\/div>\n\t\t\t\t<\/div>\n\t\t\t\t\t\t<\/div>\n\t\t\t\t\t<\/div>\n\t\t<\/div>\n\t\t\t\t\t\t\t\t<\/div>\n\t\t\t\t\t<\/div>\n\t\t<\/section>\n\t\t\t\t\t\t<\/div>\n\t\t\t\t\t<\/div>\n\t\t<\/div>\n\t\t\t\t\t\t\t\t<\/div>\n\t\t\t\t\t<\/div>\n\t\t<\/section>\n\t\t\t\t\t\t<\/div>\n\t\t\t\t\t\t<\/div>\n\t\t\t\t\t<\/div>\n\t\t","protected":false},"excerpt":{"rendered":"<p>#ComercioLocalEsVital Comment trouver la boutique dont vous avez besoin? 1. Achetez dans les magasins les plus proches: le boulanger au coin de la rue, le salon de coiffure du quartier, le petit supermarch\u00e9 du centre-ville, etc. En \u00e9tant bien install\u00e9s dans les environs, les petits commer\u00e7ants cherchent \u00e0 satisfaire les besoins de leurs voisins en&hellip;&nbsp;<a href=\"https:\/\/comerciolocalesvital.com\/fr\/conseils-pour-faciliter-les-achats-dans-les-magasins-locaux\/\" class=\"\" rel=\"bookmark\">Lire la suite &raquo;<span class=\"screen-reader-text\">Conseils pour faciliter les achats dans les magasins locaux<\/span><\/a><\/p>\n","protected":false},"author":4,"featured_media":0,"parent":0,"menu_order":0,"comment_status":"closed","ping_status":"closed","template":"page-templates\/template-pagebuilder-full-width.php","meta":[],"_links":{"self":[{"href":"https:\/\/comerciolocalesvital.com\/fr\/wp-json\/wp\/v2\/pages\/1104"}],"collection":[{"href":"https:\/\/comerciolocalesvital.com\/fr\/wp-json\/wp\/v2\/pages"}],"about":[{"href":"https:\/\/comerciolocalesvital.com\/fr\/wp-json\/wp\/v2\/types\/page"}],"author":[{"embeddable":true,"href":"https:\/\/comerciolocalesvital.com\/fr\/wp-json\/wp\/v2\/users\/4"}],"replies":[{"embeddable":true,"href":"https:\/\/comerciolocalesvital.com\/fr\/wp-json\/wp\/v2\/comments?post=1104"}],"version-history":[{"count":7,"href":"https:\/\/comerciolocalesvital.com\/fr\/wp-json\/wp\/v2\/pages\/1104\/revisions"}],"predecessor-version":[{"id":1111,"href":"https:\/\/comerciolocalesvital.com\/fr\/wp-json\/wp\/v2\/pages\/1104\/revisions\/1111"}],"wp:attachment":[{"href":"https:\/\/comerciolocalesvital.com\/fr\/wp-json\/wp\/v2\/media?parent=1104"}],"curies":[{"name":"wp","href":"https:\/\/api.w.org\/{rel}","templated":true}]}}