{"id":1083,"date":"2021-04-19T12:24:27","date_gmt":"2021-04-19T10:24:27","guid":{"rendered":"https:\/\/www.comerciolocalesvital.com\/?page_id=1083"},"modified":"2021-04-19T12:40:40","modified_gmt":"2021-04-19T10:40:40","slug":"son-evolution-en-espagne","status":"publish","type":"page","link":"https:\/\/comerciolocalesvital.com\/fr\/son-evolution-en-espagne\/","title":{"rendered":"Son \u00e9volution en Espagne"},"content":{"rendered":"\t\t<div data-elementor-type=\"wp-page\" data-elementor-id=\"1083\" class=\"elementor elementor-1083 elementor-97\" data-elementor-settings=\"[]\">\n\t\t\t\t\t\t<div class=\"elementor-inner\">\n\t\t\t\t\t\t\t<div class=\"elementor-section-wrap\">\n\t\t\t\t\t\t\t<section class=\"elementor-section elementor-top-section elementor-element elementor-element-2076085c elementor-section-boxed elementor-section-height-default elementor-section-height-default\" data-id=\"2076085c\" data-element_type=\"section\" data-settings=\"{&quot;background_background&quot;:&quot;classic&quot;}\">\n\t\t\t\t\t\t<div class=\"elementor-container elementor-column-gap-default\">\n\t\t\t\t\t\t\t<div class=\"elementor-row\">\n\t\t\t\t\t<div class=\"elementor-column elementor-col-100 elementor-top-column elementor-element elementor-element-7ec9d820\" data-id=\"7ec9d820\" data-element_type=\"column\">\n\t\t\t<div class=\"elementor-column-wrap elementor-element-populated\">\n\t\t\t\t\t\t\t<div class=\"elementor-widget-wrap\">\n\t\t\t\t\t\t<div class=\"elementor-element elementor-element-7b327a7 elementor-widget elementor-widget-spacer\" data-id=\"7b327a7\" data-element_type=\"widget\" data-widget_type=\"spacer.default\">\n\t\t\t\t<div class=\"elementor-widget-container\">\n\t\t\t\t\t<div class=\"elementor-spacer\">\n\t\t\t<div class=\"elementor-spacer-inner\"><\/div>\n\t\t<\/div>\n\t\t\t\t<\/div>\n\t\t\t\t<\/div>\n\t\t\t\t<section class=\"elementor-section elementor-inner-section elementor-element elementor-element-6635dc78 elementor-section-boxed elementor-section-height-default elementor-section-height-default\" data-id=\"6635dc78\" data-element_type=\"section\">\n\t\t\t\t\t\t<div class=\"elementor-container elementor-column-gap-default\">\n\t\t\t\t\t\t\t<div class=\"elementor-row\">\n\t\t\t\t\t<div class=\"elementor-column elementor-col-100 elementor-inner-column elementor-element elementor-element-38e29832\" data-id=\"38e29832\" data-element_type=\"column\">\n\t\t\t<div class=\"elementor-column-wrap elementor-element-populated\">\n\t\t\t\t\t\t\t<div class=\"elementor-widget-wrap\">\n\t\t\t\t\t\t<div class=\"elementor-element elementor-element-48b240b elementor-widget__width-auto elementor-widget elementor-widget-heading\" data-id=\"48b240b\" data-element_type=\"widget\" data-widget_type=\"heading.default\">\n\t\t\t\t<div class=\"elementor-widget-container\">\n\t\t\t<h2 class=\"elementor-heading-title elementor-size-default\">#ComercioLocalEsVital<\/h2>\t\t<\/div>\n\t\t\t\t<\/div>\n\t\t\t\t\t\t<\/div>\n\t\t\t\t\t<\/div>\n\t\t<\/div>\n\t\t\t\t\t\t\t\t<\/div>\n\t\t\t\t\t<\/div>\n\t\t<\/section>\n\t\t\t\t\t\t<\/div>\n\t\t\t\t\t<\/div>\n\t\t<\/div>\n\t\t\t\t\t\t\t\t<\/div>\n\t\t\t\t\t<\/div>\n\t\t<\/section>\n\t\t\t\t<section class=\"elementor-section elementor-top-section elementor-element elementor-element-7a37e431 elementor-section-boxed elementor-section-height-default elementor-section-height-default\" data-id=\"7a37e431\" data-element_type=\"section\" data-settings=\"{&quot;background_background&quot;:&quot;classic&quot;}\">\n\t\t\t\t\t\t<div class=\"elementor-container elementor-column-gap-default\">\n\t\t\t\t\t\t\t<div class=\"elementor-row\">\n\t\t\t\t\t<div class=\"elementor-column elementor-col-100 elementor-top-column elementor-element elementor-element-489c3a2\" data-id=\"489c3a2\" data-element_type=\"column\">\n\t\t\t<div class=\"elementor-column-wrap elementor-element-populated\">\n\t\t\t\t\t\t\t<div class=\"elementor-widget-wrap\">\n\t\t\t\t\t\t<section class=\"elementor-section elementor-inner-section elementor-element elementor-element-6545db1 left_aligned_container elementor-section-boxed elementor-section-height-default elementor-section-height-default elementor-invisible\" data-id=\"6545db1\" data-element_type=\"section\" data-settings=\"{&quot;animation&quot;:&quot;fadeInUp&quot;}\">\n\t\t\t\t\t\t<div class=\"elementor-container elementor-column-gap-default\">\n\t\t\t\t\t\t\t<div class=\"elementor-row\">\n\t\t\t\t\t<div class=\"elementor-column elementor-col-100 elementor-inner-column elementor-element elementor-element-4096851\" data-id=\"4096851\" data-element_type=\"column\">\n\t\t\t<div class=\"elementor-column-wrap elementor-element-populated\">\n\t\t\t\t\t\t\t<div class=\"elementor-widget-wrap\">\n\t\t\t\t\t\t<div class=\"elementor-element elementor-element-2f087df elementor-widget elementor-widget-heading\" data-id=\"2f087df\" data-element_type=\"widget\" data-widget_type=\"heading.default\">\n\t\t\t\t<div class=\"elementor-widget-container\">\n\t\t\t<h2 class=\"elementor-heading-title elementor-size-default\">Les d\u00e9buts du commerce local\n<\/h2>\t\t<\/div>\n\t\t\t\t<\/div>\n\t\t\t\t<div class=\"elementor-element elementor-element-958f8fa elementor-widget-divider--view-line elementor-widget elementor-widget-divider\" data-id=\"958f8fa\" data-element_type=\"widget\" data-widget_type=\"divider.default\">\n\t\t\t\t<div class=\"elementor-widget-container\">\n\t\t\t\t\t<div class=\"elementor-divider\">\n\t\t\t<span class=\"elementor-divider-separator\">\n\t\t\t\t\t\t<\/span>\n\t\t<\/div>\n\t\t\t\t<\/div>\n\t\t\t\t<\/div>\n\t\t\t\t<div class=\"elementor-element elementor-element-50216574 elementor-widget elementor-widget-text-editor\" data-id=\"50216574\" data-element_type=\"widget\" data-widget_type=\"text-editor.default\">\n\t\t\t\t<div class=\"elementor-widget-container\">\n\t\t\t\t\t\t\t\t<div class=\"elementor-text-editor elementor-clearfix\">\n\t\t\t\t\t<span style=\"font-weight: 400;\">Dans l&rsquo;Espagne d&rsquo;apr\u00e8s-guerre, les magasins de quartier repr\u00e9sentent le mod\u00e8le de commerce standard. De cette mani\u00e8re, les m\u00e9nages satisfont leurs besoins de base en produits et services sans quitter leur quartier. C&rsquo;est l&rsquo;\u00e2ge d&rsquo;or des petits commer\u00e7ants. \u00c0 cette \u00e9poque, les consommateurs d\u00e9pensaient l&rsquo;essentiel de leurs revenus dans l&rsquo;\u00e9conomie locale.<\/span>\t\t\t\t\t<\/div>\n\t\t\t\t\t\t<\/div>\n\t\t\t\t<\/div>\n\t\t\t\t\t\t<\/div>\n\t\t\t\t\t<\/div>\n\t\t<\/div>\n\t\t\t\t\t\t\t\t<\/div>\n\t\t\t\t\t<\/div>\n\t\t<\/section>\n\t\t\t\t<section class=\"elementor-section elementor-inner-section elementor-element elementor-element-5cd88ed right_aligned_container elementor-section-boxed elementor-section-height-default elementor-section-height-default elementor-invisible\" data-id=\"5cd88ed\" data-element_type=\"section\" data-settings=\"{&quot;animation&quot;:&quot;fadeInUp&quot;}\">\n\t\t\t\t\t\t<div class=\"elementor-container elementor-column-gap-default\">\n\t\t\t\t\t\t\t<div class=\"elementor-row\">\n\t\t\t\t\t<div class=\"elementor-column elementor-col-100 elementor-inner-column elementor-element elementor-element-6f3c15a\" data-id=\"6f3c15a\" data-element_type=\"column\">\n\t\t\t<div class=\"elementor-column-wrap elementor-element-populated\">\n\t\t\t\t\t\t\t<div class=\"elementor-widget-wrap\">\n\t\t\t\t\t\t<div class=\"elementor-element elementor-element-6a19a8b elementor-widget elementor-widget-heading\" data-id=\"6a19a8b\" data-element_type=\"widget\" data-widget_type=\"heading.default\">\n\t\t\t\t<div class=\"elementor-widget-container\">\n\t\t\t<h2 class=\"elementor-heading-title elementor-size-default\">Les ann\u00e9es 70 et 80, la croissance de la grande distribution<\/h2>\t\t<\/div>\n\t\t\t\t<\/div>\n\t\t\t\t<div class=\"elementor-element elementor-element-669bfd2 elementor-widget-divider--view-line elementor-widget elementor-widget-divider\" data-id=\"669bfd2\" data-element_type=\"widget\" data-widget_type=\"divider.default\">\n\t\t\t\t<div class=\"elementor-widget-container\">\n\t\t\t\t\t<div class=\"elementor-divider\">\n\t\t\t<span class=\"elementor-divider-separator\">\n\t\t\t\t\t\t<\/span>\n\t\t<\/div>\n\t\t\t\t<\/div>\n\t\t\t\t<\/div>\n\t\t\t\t<div class=\"elementor-element elementor-element-678f38c elementor-widget elementor-widget-text-editor\" data-id=\"678f38c\" data-element_type=\"widget\" data-widget_type=\"text-editor.default\">\n\t\t\t\t<div class=\"elementor-widget-container\">\n\t\t\t\t\t\t\t\t<div class=\"elementor-text-editor elementor-clearfix\">\n\t\t\t\t\t<p style=\"text-align: right;\"><span style=\"font-weight: 400;\"> Dans les ann\u00e9es 1970, l&rsquo;Espagne a vu la mise en place de la grande distribution et de la  consommation de masse encourag\u00e9e par un contexte \u00e9conomique favorable. Les villes \u00e9taient en cours de r\u00e9novation et des supermarch\u00e9s ont commenc\u00e9 \u00e0 appara\u00eetre dans les quartiers. <\/span><span style=\"font-weight: 400;\">\u00a0<\/span><\/p>\n<p style=\"text-align: right;\"><span style=\"font-weight: 400;\"> Dans les ann\u00e9es 80, les centres commerciaux et les hypermarch\u00e9s \u00e9taient rois, mais l&rsquo;urbanisation croissante a donn\u00e9 naissance \u00e0 une premi\u00e8re prise de conscience de l&rsquo;environnement et \u00e0 une consommation excessive. Les banlieues se sont d\u00e9velopp\u00e9s et des entreprises de taille moyenne se sont cr\u00e9\u00e9es pour r\u00e9pondre \u00e0 diff\u00e9rents besoins. Les petits commer\u00e7ants sont de plus en plus affaiblis, en particulier les commerces ind\u00e9pendants. Les centres-villes sont devenus plus uniformes avec de plus en plus de cha\u00eenes de magasins dans les grandes villes. C&rsquo;est une r\u00e9alit\u00e9 qui peut encore \u00eatre vue aujourd&rsquo;hui dans le monde entier dans le paysage urbain avec les m\u00eames panneaux install\u00e9s dans le monde.<\/span><\/p>\t\t\t\t\t<\/div>\n\t\t\t\t\t\t<\/div>\n\t\t\t\t<\/div>\n\t\t\t\t\t\t<\/div>\n\t\t\t\t\t<\/div>\n\t\t<\/div>\n\t\t\t\t\t\t\t\t<\/div>\n\t\t\t\t\t<\/div>\n\t\t<\/section>\n\t\t\t\t<section class=\"elementor-section elementor-inner-section elementor-element elementor-element-72172f4 left_aligned_container elementor-section-boxed elementor-section-height-default elementor-section-height-default elementor-invisible\" data-id=\"72172f4\" data-element_type=\"section\" data-settings=\"{&quot;animation&quot;:&quot;fadeInUp&quot;}\">\n\t\t\t\t\t\t<div class=\"elementor-container elementor-column-gap-default\">\n\t\t\t\t\t\t\t<div class=\"elementor-row\">\n\t\t\t\t\t<div class=\"elementor-column elementor-col-100 elementor-inner-column elementor-element elementor-element-b11af42\" data-id=\"b11af42\" data-element_type=\"column\">\n\t\t\t<div class=\"elementor-column-wrap elementor-element-populated\">\n\t\t\t\t\t\t\t<div class=\"elementor-widget-wrap\">\n\t\t\t\t\t\t<div class=\"elementor-element elementor-element-0572918 elementor-widget elementor-widget-heading\" data-id=\"0572918\" data-element_type=\"widget\" data-widget_type=\"heading.default\">\n\t\t\t\t<div class=\"elementor-widget-container\">\n\t\t\t<h2 class=\"elementor-heading-title elementor-size-default\">Fin du XXe si\u00e8cle, l'av\u00e8nement d'Internet et le d\u00e9clin du commerce local<\/h2>\t\t<\/div>\n\t\t\t\t<\/div>\n\t\t\t\t<div class=\"elementor-element elementor-element-ce70faf elementor-widget-divider--view-line elementor-widget elementor-widget-divider\" data-id=\"ce70faf\" data-element_type=\"widget\" data-widget_type=\"divider.default\">\n\t\t\t\t<div class=\"elementor-widget-container\">\n\t\t\t\t\t<div class=\"elementor-divider\">\n\t\t\t<span class=\"elementor-divider-separator\">\n\t\t\t\t\t\t<\/span>\n\t\t<\/div>\n\t\t\t\t<\/div>\n\t\t\t\t<\/div>\n\t\t\t\t<div class=\"elementor-element elementor-element-5ce60d2 elementor-widget elementor-widget-text-editor\" data-id=\"5ce60d2\" data-element_type=\"widget\" data-widget_type=\"text-editor.default\">\n\t\t\t\t<div class=\"elementor-widget-container\">\n\t\t\t\t\t\t\t\t<div class=\"elementor-text-editor elementor-clearfix\">\n\t\t\t\t\t<span style=\"font-weight: 400;\">Depuis la fin du XXe si\u00e8cle et avec l&rsquo;av\u00e8nement d&rsquo;Internet, le client est devenu de plus en plus exigeant car il dispose d&rsquo;une plus grande vari\u00e9t\u00e9 (magasins de proximit\u00e9, supermarch\u00e9s, magasins sp\u00e9cialis\u00e9s, commerce \u00e9lectronique) et d&rsquo;une \u00abmeilleure information\u00bb (comparateurs, avis, etc.). Le commerce local perd du terrain au profit de ces boutiques en ligne et de ces centres commerciaux.<\/span>\t\t\t\t\t<\/div>\n\t\t\t\t\t\t<\/div>\n\t\t\t\t<\/div>\n\t\t\t\t\t\t<\/div>\n\t\t\t\t\t<\/div>\n\t\t<\/div>\n\t\t\t\t\t\t\t\t<\/div>\n\t\t\t\t\t<\/div>\n\t\t<\/section>\n\t\t\t\t<section class=\"elementor-section elementor-inner-section elementor-element elementor-element-e172eed right_aligned_container elementor-section-boxed elementor-section-height-default elementor-section-height-default elementor-invisible\" data-id=\"e172eed\" data-element_type=\"section\" data-settings=\"{&quot;animation&quot;:&quot;fadeInUp&quot;}\">\n\t\t\t\t\t\t<div class=\"elementor-container elementor-column-gap-default\">\n\t\t\t\t\t\t\t<div class=\"elementor-row\">\n\t\t\t\t\t<div class=\"elementor-column elementor-col-100 elementor-inner-column elementor-element elementor-element-309dd1f\" data-id=\"309dd1f\" data-element_type=\"column\">\n\t\t\t<div class=\"elementor-column-wrap elementor-element-populated\">\n\t\t\t\t\t\t\t<div class=\"elementor-widget-wrap\">\n\t\t\t\t\t\t<div class=\"elementor-element elementor-element-c4091c2 elementor-widget elementor-widget-heading\" data-id=\"c4091c2\" data-element_type=\"widget\" data-widget_type=\"heading.default\">\n\t\t\t\t<div class=\"elementor-widget-container\">\n\t\t\t<h2 class=\"elementor-heading-title elementor-size-default\">Ann\u00e9es 2010, les nouvelles tendances encouragent la consommation locale<\/h2>\t\t<\/div>\n\t\t\t\t<\/div>\n\t\t\t\t<div class=\"elementor-element elementor-element-0aaccbf elementor-widget-divider--view-line elementor-widget elementor-widget-divider\" data-id=\"0aaccbf\" data-element_type=\"widget\" data-widget_type=\"divider.default\">\n\t\t\t\t<div class=\"elementor-widget-container\">\n\t\t\t\t\t<div class=\"elementor-divider\">\n\t\t\t<span class=\"elementor-divider-separator\">\n\t\t\t\t\t\t<\/span>\n\t\t<\/div>\n\t\t\t\t<\/div>\n\t\t\t\t<\/div>\n\t\t\t\t<div class=\"elementor-element elementor-element-1a087fa elementor-widget elementor-widget-text-editor\" data-id=\"1a087fa\" data-element_type=\"widget\" data-widget_type=\"text-editor.default\">\n\t\t\t\t<div class=\"elementor-widget-container\">\n\t\t\t\t\t\t\t\t<div class=\"elementor-text-editor elementor-clearfix\">\n\t\t\t\t\t<p style=\"text-align: right;\"><span style=\"font-weight: 400;\">L&rsquo;\u00e9mergence r\u00e9cente de tendances en faveur de la \u00abconsommation locale\u00bb accompagn\u00e9e d&rsquo;une action publique en faveur du commerce local a permis aux petites entreprises de regagner l&rsquo;int\u00e9r\u00eat des consommateurs. Face \u00e0 ces nouvelles formes de consommation, la distribution de gros a d\u00fb s&rsquo;adapter \u00e0 cette demande de proximit\u00e9 des consommateurs en cr\u00e9ant de petits espaces commerciaux adapt\u00e9s \u00e0 la taille de chaque type de commune.<\/span><span style=\"font-weight: 400;\">\u00a0<\/span><\/p>\n<p style=\"text-align: right;\"><span style=\"font-weight: 400;\"> En quelques d\u00e9cennies, le panorama du commerce a consid\u00e9rablement chang\u00e9 en Espagne. Il a \u00e9t\u00e9 interd\u00e9pendant dans un environnement social, \u00e9conomique, technologique et surtout \u00e9cologique. En 2016, le secteur du commerce de d\u00e9tail employait pas moins de 55,7% du personnel employ\u00e9 en Espagne (donn\u00e9es des \u00abStatistiques structurelles des entreprises: secteur du commerce\u00bb publi\u00e9es par l&rsquo;INE en juin 2017). <\/span><\/p>\t\t\t\t\t<\/div>\n\t\t\t\t\t\t<\/div>\n\t\t\t\t<\/div>\n\t\t\t\t\t\t<\/div>\n\t\t\t\t\t<\/div>\n\t\t<\/div>\n\t\t\t\t\t\t\t\t<\/div>\n\t\t\t\t\t<\/div>\n\t\t<\/section>\n\t\t\t\t\t\t<\/div>\n\t\t\t\t\t<\/div>\n\t\t<\/div>\n\t\t\t\t\t\t\t\t<\/div>\n\t\t\t\t\t<\/div>\n\t\t<\/section>\n\t\t\t\t\t\t<\/div>\n\t\t\t\t\t\t<\/div>\n\t\t\t\t\t<\/div>\n\t\t","protected":false},"excerpt":{"rendered":"<p>#ComercioLocalEsVital Les d\u00e9buts du commerce local Dans l&rsquo;Espagne d&rsquo;apr\u00e8s-guerre, les magasins de quartier repr\u00e9sentent le mod\u00e8le de commerce standard. De cette mani\u00e8re, les m\u00e9nages satisfont leurs besoins de base en produits et services sans quitter leur quartier. C&rsquo;est l&rsquo;\u00e2ge d&rsquo;or des petits commer\u00e7ants. \u00c0 cette \u00e9poque, les consommateurs d\u00e9pensaient l&rsquo;essentiel de leurs revenus dans l&rsquo;\u00e9conomie&hellip;&nbsp;<a href=\"https:\/\/comerciolocalesvital.com\/fr\/son-evolution-en-espagne\/\" class=\"\" rel=\"bookmark\">Lire la suite &raquo;<span class=\"screen-reader-text\">Son \u00e9volution en Espagne<\/span><\/a><\/p>\n","protected":false},"author":4,"featured_media":0,"parent":0,"menu_order":0,"comment_status":"closed","ping_status":"closed","template":"page-templates\/template-pagebuilder-full-width.php","meta":[],"_links":{"self":[{"href":"https:\/\/comerciolocalesvital.com\/fr\/wp-json\/wp\/v2\/pages\/1083"}],"collection":[{"href":"https:\/\/comerciolocalesvital.com\/fr\/wp-json\/wp\/v2\/pages"}],"about":[{"href":"https:\/\/comerciolocalesvital.com\/fr\/wp-json\/wp\/v2\/types\/page"}],"author":[{"embeddable":true,"href":"https:\/\/comerciolocalesvital.com\/fr\/wp-json\/wp\/v2\/users\/4"}],"replies":[{"embeddable":true,"href":"https:\/\/comerciolocalesvital.com\/fr\/wp-json\/wp\/v2\/comments?post=1083"}],"version-history":[{"count":5,"href":"https:\/\/comerciolocalesvital.com\/fr\/wp-json\/wp\/v2\/pages\/1083\/revisions"}],"predecessor-version":[{"id":1088,"href":"https:\/\/comerciolocalesvital.com\/fr\/wp-json\/wp\/v2\/pages\/1083\/revisions\/1088"}],"wp:attachment":[{"href":"https:\/\/comerciolocalesvital.com\/fr\/wp-json\/wp\/v2\/media?parent=1083"}],"curies":[{"name":"wp","href":"https:\/\/api.w.org\/{rel}","templated":true}]}}