{"id":1077,"date":"2021-04-19T12:21:02","date_gmt":"2021-04-19T10:21:02","guid":{"rendered":"https:\/\/www.comerciolocalesvital.com\/?page_id=1077"},"modified":"2021-04-19T12:23:17","modified_gmt":"2021-04-19T10:23:17","slug":"qeest-ce-que-le-commerce-de-proximite","status":"publish","type":"page","link":"https:\/\/comerciolocalesvital.com\/fr\/qeest-ce-que-le-commerce-de-proximite\/","title":{"rendered":"Qe\u00b4est-ce-que le commerce de proximit\u00e9?"},"content":{"rendered":"\t\t<div data-elementor-type=\"wp-page\" data-elementor-id=\"1077\" class=\"elementor elementor-1077 elementor-95\" data-elementor-settings=\"[]\">\n\t\t\t\t\t\t<div class=\"elementor-inner\">\n\t\t\t\t\t\t\t<div class=\"elementor-section-wrap\">\n\t\t\t\t\t\t\t<section class=\"elementor-section elementor-top-section elementor-element elementor-element-cee11b4 elementor-section-boxed elementor-section-height-default elementor-section-height-default\" data-id=\"cee11b4\" data-element_type=\"section\" data-settings=\"{&quot;background_background&quot;:&quot;classic&quot;}\">\n\t\t\t\t\t\t<div class=\"elementor-container elementor-column-gap-default\">\n\t\t\t\t\t\t\t<div class=\"elementor-row\">\n\t\t\t\t\t<div class=\"elementor-column elementor-col-100 elementor-top-column elementor-element elementor-element-60a2d8a\" data-id=\"60a2d8a\" data-element_type=\"column\">\n\t\t\t<div class=\"elementor-column-wrap elementor-element-populated\">\n\t\t\t\t\t\t\t<div class=\"elementor-widget-wrap\">\n\t\t\t\t\t\t<div class=\"elementor-element elementor-element-204ebd1 elementor-widget elementor-widget-spacer\" data-id=\"204ebd1\" data-element_type=\"widget\" data-widget_type=\"spacer.default\">\n\t\t\t\t<div class=\"elementor-widget-container\">\n\t\t\t\t\t<div class=\"elementor-spacer\">\n\t\t\t<div class=\"elementor-spacer-inner\"><\/div>\n\t\t<\/div>\n\t\t\t\t<\/div>\n\t\t\t\t<\/div>\n\t\t\t\t<section class=\"elementor-section elementor-inner-section elementor-element elementor-element-4de315e elementor-section-boxed elementor-section-height-default elementor-section-height-default\" data-id=\"4de315e\" data-element_type=\"section\">\n\t\t\t\t\t\t<div class=\"elementor-container elementor-column-gap-default\">\n\t\t\t\t\t\t\t<div class=\"elementor-row\">\n\t\t\t\t\t<div class=\"elementor-column elementor-col-100 elementor-inner-column elementor-element elementor-element-6320b41\" data-id=\"6320b41\" data-element_type=\"column\">\n\t\t\t<div class=\"elementor-column-wrap elementor-element-populated\">\n\t\t\t\t\t\t\t<div class=\"elementor-widget-wrap\">\n\t\t\t\t\t\t<div class=\"elementor-element elementor-element-67cf329 elementor-widget__width-auto elementor-widget elementor-widget-heading\" data-id=\"67cf329\" data-element_type=\"widget\" data-widget_type=\"heading.default\">\n\t\t\t\t<div class=\"elementor-widget-container\">\n\t\t\t<h2 class=\"elementor-heading-title elementor-size-default\">#ComercioLocalEsVital<\/h2>\t\t<\/div>\n\t\t\t\t<\/div>\n\t\t\t\t\t\t<\/div>\n\t\t\t\t\t<\/div>\n\t\t<\/div>\n\t\t\t\t\t\t\t\t<\/div>\n\t\t\t\t\t<\/div>\n\t\t<\/section>\n\t\t\t\t\t\t<\/div>\n\t\t\t\t\t<\/div>\n\t\t<\/div>\n\t\t\t\t\t\t\t\t<\/div>\n\t\t\t\t\t<\/div>\n\t\t<\/section>\n\t\t\t\t<section class=\"elementor-section elementor-top-section elementor-element elementor-element-fab0139 elementor-section-boxed elementor-section-height-default elementor-section-height-default\" data-id=\"fab0139\" data-element_type=\"section\" data-settings=\"{&quot;background_background&quot;:&quot;classic&quot;}\">\n\t\t\t\t\t\t<div class=\"elementor-container elementor-column-gap-default\">\n\t\t\t\t\t\t\t<div class=\"elementor-row\">\n\t\t\t\t\t<div class=\"elementor-column elementor-col-100 elementor-top-column elementor-element elementor-element-9fd61e2\" data-id=\"9fd61e2\" data-element_type=\"column\">\n\t\t\t<div class=\"elementor-column-wrap elementor-element-populated\">\n\t\t\t\t\t\t\t<div class=\"elementor-widget-wrap\">\n\t\t\t\t\t\t<div class=\"elementor-element elementor-element-c66fdf4 elementor-widget elementor-widget-text-editor\" data-id=\"c66fdf4\" data-element_type=\"widget\" data-widget_type=\"text-editor.default\">\n\t\t\t\t<div class=\"elementor-widget-container\">\n\t\t\t\t\t\t\t\t<div class=\"elementor-text-editor elementor-clearfix\">\n\t\t\t\t\t<p style=\"text-align: center;\"><span style=\"font-weight: 400;\">Situ\u00e9s au rez-de-chauss\u00e9e d&rsquo;immeubles ou au centre de nos quartiers, les commerces de d\u00e9tail repr\u00e9sentent pas moins de 14,3% des entreprises en Espagne (donn\u00e9es DIRCE au 1er janvier 2016). Alors, comment d\u00e9finir ce type de commerce si cher au citoyen espagnol?<\/span><\/p>\n<p style=\"text-align: center;\"><span style=\"font-weight: 400;\"> Les magasins de proximit\u00e9 sont des magasins de d\u00e9tail, souvent de petite ou moyenne taille, proposant des produits ou services destin\u00e9s \u00e0 une consommation quotidienne ou r\u00e9guli\u00e8re. Ce sont principalement des magasins ind\u00e9pendants, mais il existe \u00e9galement des franchises et des cha\u00eenes de vente au d\u00e9tail.  <\/span><\/p>\n<p style=\"text-align: center;\"><span style=\"font-weight: 400;\"> Le secteur alimentaire est fortement repr\u00e9sent\u00e9, principalement par les boulangeries, les  magasins de fruits et l\u00e9gumes, les boucheries, les poissonneries et les \u00e9piceries. On trouve \u00e9galement des magasins de biens de consommation courante tels que des pharmacies, des buralistes et des marchands de journaux. Enfin, le commerce local comprend \u00e9galement des boutiques avec des visites plus occasionnelles, telles que des boutiques de v\u00eatements, de bijoux, de parfumerie, d&rsquo;optique ou de coiffure. Ainsi, le commerce local couvre une large gamme de produits et de services dans divers secteurs d&rsquo;activit\u00e9. Dans le langage courant, on peut d\u00e9signer le \u00ab\u00a0petit commer\u00e7ant\u00a0\u00bb, le \u00ab\u00a0magasin de quartier\u00a0\u00bb ou le \u00ab\u00a0magasin ind\u00e9pendant\u00a0\u00bb. Tous ces termes d\u00e9finissent, au moins partiellement, le commerce local.<\/span><\/p>\t\t\t\t\t<\/div>\n\t\t\t\t\t\t<\/div>\n\t\t\t\t<\/div>\n\t\t\t\t\t\t<\/div>\n\t\t\t\t\t<\/div>\n\t\t<\/div>\n\t\t\t\t\t\t\t\t<\/div>\n\t\t\t\t\t<\/div>\n\t\t<\/section>\n\t\t\t\t\t\t<\/div>\n\t\t\t\t\t\t<\/div>\n\t\t\t\t\t<\/div>\n\t\t","protected":false},"excerpt":{"rendered":"<p>#ComercioLocalEsVital Situ\u00e9s au rez-de-chauss\u00e9e d&rsquo;immeubles ou au centre de nos quartiers, les commerces de d\u00e9tail repr\u00e9sentent pas moins de 14,3% des entreprises en Espagne (donn\u00e9es DIRCE au 1er janvier 2016). Alors, comment d\u00e9finir ce type de commerce si cher au citoyen espagnol? Les magasins de proximit\u00e9 sont des magasins de d\u00e9tail, souvent de petite ou&hellip;&nbsp;<a href=\"https:\/\/comerciolocalesvital.com\/fr\/qeest-ce-que-le-commerce-de-proximite\/\" class=\"\" rel=\"bookmark\">Lire la suite &raquo;<span class=\"screen-reader-text\">Qe\u00b4est-ce-que le commerce de proximit\u00e9?<\/span><\/a><\/p>\n","protected":false},"author":4,"featured_media":0,"parent":0,"menu_order":0,"comment_status":"closed","ping_status":"closed","template":"page-templates\/template-pagebuilder-full-width.php","meta":[],"_links":{"self":[{"href":"https:\/\/comerciolocalesvital.com\/fr\/wp-json\/wp\/v2\/pages\/1077"}],"collection":[{"href":"https:\/\/comerciolocalesvital.com\/fr\/wp-json\/wp\/v2\/pages"}],"about":[{"href":"https:\/\/comerciolocalesvital.com\/fr\/wp-json\/wp\/v2\/types\/page"}],"author":[{"embeddable":true,"href":"https:\/\/comerciolocalesvital.com\/fr\/wp-json\/wp\/v2\/users\/4"}],"replies":[{"embeddable":true,"href":"https:\/\/comerciolocalesvital.com\/fr\/wp-json\/wp\/v2\/comments?post=1077"}],"version-history":[{"count":5,"href":"https:\/\/comerciolocalesvital.com\/fr\/wp-json\/wp\/v2\/pages\/1077\/revisions"}],"predecessor-version":[{"id":1082,"href":"https:\/\/comerciolocalesvital.com\/fr\/wp-json\/wp\/v2\/pages\/1077\/revisions\/1082"}],"wp:attachment":[{"href":"https:\/\/comerciolocalesvital.com\/fr\/wp-json\/wp\/v2\/media?parent=1077"}],"curies":[{"name":"wp","href":"https:\/\/api.w.org\/{rel}","templated":true}]}}