{"id":926,"date":"2021-04-13T10:40:42","date_gmt":"2021-04-13T08:40:42","guid":{"rendered":"https:\/\/www.comerciolocalesvital.com\/?page_id=926"},"modified":"2021-04-13T13:21:31","modified_gmt":"2021-04-13T11:21:31","slug":"its-evolution-in-spain","status":"publish","type":"page","link":"https:\/\/comerciolocalesvital.com\/en\/its-evolution-in-spain\/","title":{"rendered":"Its evolution in Spain"},"content":{"rendered":"\t\t<div data-elementor-type=\"wp-page\" data-elementor-id=\"926\" class=\"elementor elementor-926 elementor-97\" data-elementor-settings=\"[]\">\n\t\t\t\t\t\t<div class=\"elementor-inner\">\n\t\t\t\t\t\t\t<div class=\"elementor-section-wrap\">\n\t\t\t\t\t\t\t<section class=\"elementor-section elementor-top-section elementor-element elementor-element-2076085c elementor-section-boxed elementor-section-height-default elementor-section-height-default\" data-id=\"2076085c\" data-element_type=\"section\" data-settings=\"{&quot;background_background&quot;:&quot;classic&quot;}\">\n\t\t\t\t\t\t<div class=\"elementor-container elementor-column-gap-default\">\n\t\t\t\t\t\t\t<div class=\"elementor-row\">\n\t\t\t\t\t<div class=\"elementor-column elementor-col-100 elementor-top-column elementor-element elementor-element-7ec9d820\" data-id=\"7ec9d820\" data-element_type=\"column\">\n\t\t\t<div class=\"elementor-column-wrap elementor-element-populated\">\n\t\t\t\t\t\t\t<div class=\"elementor-widget-wrap\">\n\t\t\t\t\t\t<div class=\"elementor-element elementor-element-7b327a7 elementor-widget elementor-widget-spacer\" data-id=\"7b327a7\" data-element_type=\"widget\" data-widget_type=\"spacer.default\">\n\t\t\t\t<div class=\"elementor-widget-container\">\n\t\t\t\t\t<div class=\"elementor-spacer\">\n\t\t\t<div class=\"elementor-spacer-inner\"><\/div>\n\t\t<\/div>\n\t\t\t\t<\/div>\n\t\t\t\t<\/div>\n\t\t\t\t<section class=\"elementor-section elementor-inner-section elementor-element elementor-element-6635dc78 elementor-section-boxed elementor-section-height-default elementor-section-height-default\" data-id=\"6635dc78\" data-element_type=\"section\">\n\t\t\t\t\t\t<div class=\"elementor-container elementor-column-gap-default\">\n\t\t\t\t\t\t\t<div class=\"elementor-row\">\n\t\t\t\t\t<div class=\"elementor-column elementor-col-100 elementor-inner-column elementor-element elementor-element-38e29832\" data-id=\"38e29832\" data-element_type=\"column\">\n\t\t\t<div class=\"elementor-column-wrap elementor-element-populated\">\n\t\t\t\t\t\t\t<div class=\"elementor-widget-wrap\">\n\t\t\t\t\t\t<div class=\"elementor-element elementor-element-48b240b elementor-widget__width-auto elementor-widget elementor-widget-heading\" data-id=\"48b240b\" data-element_type=\"widget\" data-widget_type=\"heading.default\">\n\t\t\t\t<div class=\"elementor-widget-container\">\n\t\t\t<h2 class=\"elementor-heading-title elementor-size-default\">#ComercioLocalEsVital<\/h2>\t\t<\/div>\n\t\t\t\t<\/div>\n\t\t\t\t\t\t<\/div>\n\t\t\t\t\t<\/div>\n\t\t<\/div>\n\t\t\t\t\t\t\t\t<\/div>\n\t\t\t\t\t<\/div>\n\t\t<\/section>\n\t\t\t\t\t\t<\/div>\n\t\t\t\t\t<\/div>\n\t\t<\/div>\n\t\t\t\t\t\t\t\t<\/div>\n\t\t\t\t\t<\/div>\n\t\t<\/section>\n\t\t\t\t<section class=\"elementor-section elementor-top-section elementor-element elementor-element-7a37e431 elementor-section-boxed elementor-section-height-default elementor-section-height-default\" data-id=\"7a37e431\" data-element_type=\"section\" data-settings=\"{&quot;background_background&quot;:&quot;classic&quot;}\">\n\t\t\t\t\t\t<div class=\"elementor-container elementor-column-gap-default\">\n\t\t\t\t\t\t\t<div class=\"elementor-row\">\n\t\t\t\t\t<div class=\"elementor-column elementor-col-100 elementor-top-column elementor-element elementor-element-489c3a2\" data-id=\"489c3a2\" data-element_type=\"column\">\n\t\t\t<div class=\"elementor-column-wrap elementor-element-populated\">\n\t\t\t\t\t\t\t<div class=\"elementor-widget-wrap\">\n\t\t\t\t\t\t<section class=\"elementor-section elementor-inner-section elementor-element elementor-element-6545db1 left_aligned_container elementor-section-boxed elementor-section-height-default elementor-section-height-default elementor-invisible\" data-id=\"6545db1\" data-element_type=\"section\" data-settings=\"{&quot;animation&quot;:&quot;fadeInUp&quot;}\">\n\t\t\t\t\t\t<div class=\"elementor-container elementor-column-gap-default\">\n\t\t\t\t\t\t\t<div class=\"elementor-row\">\n\t\t\t\t\t<div class=\"elementor-column elementor-col-100 elementor-inner-column elementor-element elementor-element-4096851\" data-id=\"4096851\" data-element_type=\"column\">\n\t\t\t<div class=\"elementor-column-wrap elementor-element-populated\">\n\t\t\t\t\t\t\t<div class=\"elementor-widget-wrap\">\n\t\t\t\t\t\t<div class=\"elementor-element elementor-element-2f087df elementor-widget elementor-widget-heading\" data-id=\"2f087df\" data-element_type=\"widget\" data-widget_type=\"heading.default\">\n\t\t\t\t<div class=\"elementor-widget-container\">\n\t\t\t<h2 class=\"elementor-heading-title elementor-size-default\">The beginnings of the local business\n<\/h2>\t\t<\/div>\n\t\t\t\t<\/div>\n\t\t\t\t<div class=\"elementor-element elementor-element-958f8fa elementor-widget-divider--view-line elementor-widget elementor-widget-divider\" data-id=\"958f8fa\" data-element_type=\"widget\" data-widget_type=\"divider.default\">\n\t\t\t\t<div class=\"elementor-widget-container\">\n\t\t\t\t\t<div class=\"elementor-divider\">\n\t\t\t<span class=\"elementor-divider-separator\">\n\t\t\t\t\t\t<\/span>\n\t\t<\/div>\n\t\t\t\t<\/div>\n\t\t\t\t<\/div>\n\t\t\t\t<div class=\"elementor-element elementor-element-50216574 elementor-widget elementor-widget-text-editor\" data-id=\"50216574\" data-element_type=\"widget\" data-widget_type=\"text-editor.default\">\n\t\t\t\t<div class=\"elementor-widget-container\">\n\t\t\t\t\t\t\t\t<div class=\"elementor-text-editor elementor-clearfix\">\n\t\t\t\t\t<span style=\"font-weight: 400;\">In postwar Spain, neighborhood stores represent the standard business model. In this way, households satisfy their basic needs for products and services without leaving their neighborhood. It is the golden age of small merchants. At that time, consumers spent most of their income on the local economy.<\/span>\t\t\t\t\t<\/div>\n\t\t\t\t\t\t<\/div>\n\t\t\t\t<\/div>\n\t\t\t\t\t\t<\/div>\n\t\t\t\t\t<\/div>\n\t\t<\/div>\n\t\t\t\t\t\t\t\t<\/div>\n\t\t\t\t\t<\/div>\n\t\t<\/section>\n\t\t\t\t<section class=\"elementor-section elementor-inner-section elementor-element elementor-element-5cd88ed right_aligned_container elementor-section-boxed elementor-section-height-default elementor-section-height-default elementor-invisible\" data-id=\"5cd88ed\" data-element_type=\"section\" data-settings=\"{&quot;animation&quot;:&quot;fadeInUp&quot;}\">\n\t\t\t\t\t\t<div class=\"elementor-container elementor-column-gap-default\">\n\t\t\t\t\t\t\t<div class=\"elementor-row\">\n\t\t\t\t\t<div class=\"elementor-column elementor-col-100 elementor-inner-column elementor-element elementor-element-6f3c15a\" data-id=\"6f3c15a\" data-element_type=\"column\">\n\t\t\t<div class=\"elementor-column-wrap elementor-element-populated\">\n\t\t\t\t\t\t\t<div class=\"elementor-widget-wrap\">\n\t\t\t\t\t\t<div class=\"elementor-element elementor-element-6a19a8b elementor-widget elementor-widget-heading\" data-id=\"6a19a8b\" data-element_type=\"widget\" data-widget_type=\"heading.default\">\n\t\t\t\t<div class=\"elementor-widget-container\">\n\t\t\t<h2 class=\"elementor-heading-title elementor-size-default\">The 70s and 80s, the growth of large distribution<\/h2>\t\t<\/div>\n\t\t\t\t<\/div>\n\t\t\t\t<div class=\"elementor-element elementor-element-669bfd2 elementor-widget-divider--view-line elementor-widget elementor-widget-divider\" data-id=\"669bfd2\" data-element_type=\"widget\" data-widget_type=\"divider.default\">\n\t\t\t\t<div class=\"elementor-widget-container\">\n\t\t\t\t\t<div class=\"elementor-divider\">\n\t\t\t<span class=\"elementor-divider-separator\">\n\t\t\t\t\t\t<\/span>\n\t\t<\/div>\n\t\t\t\t<\/div>\n\t\t\t\t<\/div>\n\t\t\t\t<div class=\"elementor-element elementor-element-678f38c elementor-widget elementor-widget-text-editor\" data-id=\"678f38c\" data-element_type=\"widget\" data-widget_type=\"text-editor.default\">\n\t\t\t\t<div class=\"elementor-widget-container\">\n\t\t\t\t\t\t\t\t<div class=\"elementor-text-editor elementor-clearfix\">\n\t\t\t\t\t<p style=\"text-align: right;\"><span style=\"font-weight: 400;\">Ya entrada la d\u00e9cada de los 70, Espa\u00f1a vio el asentamiento de la gran distribuci\u00f3n y el consumo masivo impulsado por un contexto econ\u00f3mico favorable. Las ciudades se estaban remodelando y empiezan a surgir los supermercados en los barrios.<\/span><span style=\"font-weight: 400;\">\u00a0<\/span><\/p><p style=\"text-align: right;\"><span style=\"font-weight: 400;\">En la d\u00e9cada de los 80, los centros comerciales y los hipermercados eran los reyes, pero la creciente urbanizaci\u00f3n alumbr\u00f3 la primera conciencia del medio ambiente y del consumo excesivo. Los suburbios se estaban expandiendo y se creaban empresas medianas para satisfacer necesidades distintas. Los peque\u00f1os comerciantes est\u00e1n cada vez m\u00e1s debilitados, especialmente las empresas independientes. Los centros de las ciudades se volvieron m\u00e1s uniformes con m\u00e1s y m\u00e1s cadenas de tiendas en las principales ciudades. Esta es una realidad que todav\u00eda se puede ver hoy a nivel mundial en el paisaje urbano con los mismos letreros instalados en todo el mundo.<\/span><\/p>\t\t\t\t\t<\/div>\n\t\t\t\t\t\t<\/div>\n\t\t\t\t<\/div>\n\t\t\t\t\t\t<\/div>\n\t\t\t\t\t<\/div>\n\t\t<\/div>\n\t\t\t\t\t\t\t\t<\/div>\n\t\t\t\t\t<\/div>\n\t\t<\/section>\n\t\t\t\t<section class=\"elementor-section elementor-inner-section elementor-element elementor-element-72172f4 left_aligned_container elementor-section-boxed elementor-section-height-default elementor-section-height-default elementor-invisible\" data-id=\"72172f4\" data-element_type=\"section\" data-settings=\"{&quot;animation&quot;:&quot;fadeInUp&quot;}\">\n\t\t\t\t\t\t<div class=\"elementor-container elementor-column-gap-default\">\n\t\t\t\t\t\t\t<div class=\"elementor-row\">\n\t\t\t\t\t<div class=\"elementor-column elementor-col-100 elementor-inner-column elementor-element elementor-element-b11af42\" data-id=\"b11af42\" data-element_type=\"column\">\n\t\t\t<div class=\"elementor-column-wrap elementor-element-populated\">\n\t\t\t\t\t\t\t<div class=\"elementor-widget-wrap\">\n\t\t\t\t\t\t<div class=\"elementor-element elementor-element-0572918 elementor-widget elementor-widget-heading\" data-id=\"0572918\" data-element_type=\"widget\" data-widget_type=\"heading.default\">\n\t\t\t\t<div class=\"elementor-widget-container\">\n\t\t\t<h2 class=\"elementor-heading-title elementor-size-default\">Late 20th century, the advent of the Internet and the decline of local commerce<\/h2>\t\t<\/div>\n\t\t\t\t<\/div>\n\t\t\t\t<div class=\"elementor-element elementor-element-ce70faf elementor-widget-divider--view-line elementor-widget elementor-widget-divider\" data-id=\"ce70faf\" data-element_type=\"widget\" data-widget_type=\"divider.default\">\n\t\t\t\t<div class=\"elementor-widget-container\">\n\t\t\t\t\t<div class=\"elementor-divider\">\n\t\t\t<span class=\"elementor-divider-separator\">\n\t\t\t\t\t\t<\/span>\n\t\t<\/div>\n\t\t\t\t<\/div>\n\t\t\t\t<\/div>\n\t\t\t\t<div class=\"elementor-element elementor-element-5ce60d2 elementor-widget elementor-widget-text-editor\" data-id=\"5ce60d2\" data-element_type=\"widget\" data-widget_type=\"text-editor.default\">\n\t\t\t\t<div class=\"elementor-widget-container\">\n\t\t\t\t\t\t\t\t<div class=\"elementor-text-editor elementor-clearfix\">\n\t\t\t\t\t<span style=\"font-weight: 400;\">Since the end of the 20th century and with the arrival of the Internet, the customer became more and more demanding because they had a greater variety (local stores, supermarkets, specialized stores, electronic commerce) and &#8220;better information&#8221; (comparators, opinions, etc.). Local commerce loses ground to the benefit of these online stores and shopping centers.<\/span>\t\t\t\t\t<\/div>\n\t\t\t\t\t\t<\/div>\n\t\t\t\t<\/div>\n\t\t\t\t\t\t<\/div>\n\t\t\t\t\t<\/div>\n\t\t<\/div>\n\t\t\t\t\t\t\t\t<\/div>\n\t\t\t\t\t<\/div>\n\t\t<\/section>\n\t\t\t\t<section class=\"elementor-section elementor-inner-section elementor-element elementor-element-e172eed right_aligned_container elementor-section-boxed elementor-section-height-default elementor-section-height-default elementor-invisible\" data-id=\"e172eed\" data-element_type=\"section\" data-settings=\"{&quot;animation&quot;:&quot;fadeInUp&quot;}\">\n\t\t\t\t\t\t<div class=\"elementor-container elementor-column-gap-default\">\n\t\t\t\t\t\t\t<div class=\"elementor-row\">\n\t\t\t\t\t<div class=\"elementor-column elementor-col-100 elementor-inner-column elementor-element elementor-element-309dd1f\" data-id=\"309dd1f\" data-element_type=\"column\">\n\t\t\t<div class=\"elementor-column-wrap elementor-element-populated\">\n\t\t\t\t\t\t\t<div class=\"elementor-widget-wrap\">\n\t\t\t\t\t\t<div class=\"elementor-element elementor-element-c4091c2 elementor-widget elementor-widget-heading\" data-id=\"c4091c2\" data-element_type=\"widget\" data-widget_type=\"heading.default\">\n\t\t\t\t<div class=\"elementor-widget-container\">\n\t\t\t<h2 class=\"elementor-heading-title elementor-size-default\">2010s, new trends encourage local consumption<\/h2>\t\t<\/div>\n\t\t\t\t<\/div>\n\t\t\t\t<div class=\"elementor-element elementor-element-0aaccbf elementor-widget-divider--view-line elementor-widget elementor-widget-divider\" data-id=\"0aaccbf\" data-element_type=\"widget\" data-widget_type=\"divider.default\">\n\t\t\t\t<div class=\"elementor-widget-container\">\n\t\t\t\t\t<div class=\"elementor-divider\">\n\t\t\t<span class=\"elementor-divider-separator\">\n\t\t\t\t\t\t<\/span>\n\t\t<\/div>\n\t\t\t\t<\/div>\n\t\t\t\t<\/div>\n\t\t\t\t<div class=\"elementor-element elementor-element-1a087fa elementor-widget elementor-widget-text-editor\" data-id=\"1a087fa\" data-element_type=\"widget\" data-widget_type=\"text-editor.default\">\n\t\t\t\t<div class=\"elementor-widget-container\">\n\t\t\t\t\t\t\t\t<div class=\"elementor-text-editor elementor-clearfix\">\n\t\t\t\t\t<p style=\"text-align: right;\"><span style=\"font-weight: 400;\">The recent emergence of trends in favor of &#8220;local consumption&#8221; accompanied by public action in favor of local commerce has allowed small business to regain renewed interest among consumers. Upon witnessing these new forms of consumption, wholesale distribution had to adapt to this consumer demand for proximity by crating small commercial areas adapted to the size of each type of municipality.<\/span><span style=\"font-weight: 400;\">\u00a0<\/span><\/p>\n<p style=\"text-align: right;\"><span style=\"font-weight: 400;\"> In a few decades, the business landscape in Spain has changed significantly. It has been interdependent in a social, economic, technological and above all ecological environment. In 2016, the commercial retail sector employees no less than 55.7% of the employees personnel in Spain(data from the &#8220;Structural Statistics of Companies: Commerce Sector&#8221; published by the INE in June 2017). <\/span><\/p>\t\t\t\t\t<\/div>\n\t\t\t\t\t\t<\/div>\n\t\t\t\t<\/div>\n\t\t\t\t\t\t<\/div>\n\t\t\t\t\t<\/div>\n\t\t<\/div>\n\t\t\t\t\t\t\t\t<\/div>\n\t\t\t\t\t<\/div>\n\t\t<\/section>\n\t\t\t\t\t\t<\/div>\n\t\t\t\t\t<\/div>\n\t\t<\/div>\n\t\t\t\t\t\t\t\t<\/div>\n\t\t\t\t\t<\/div>\n\t\t<\/section>\n\t\t\t\t\t\t<\/div>\n\t\t\t\t\t\t<\/div>\n\t\t\t\t\t<\/div>\n\t\t","protected":false},"excerpt":{"rendered":"<p>#ComercioLocalEsVital The beginnings of the local business In postwar Spain, neighborhood stores represent the standard business model. In this way, households satisfy their basic needs for products and services without leaving their neighborhood. It is the golden age of small merchants. At that time, consumers spent most of their income on the local economy. The&hellip;&nbsp;<a href=\"https:\/\/comerciolocalesvital.com\/en\/its-evolution-in-spain\/\" class=\"\" rel=\"bookmark\">Read More &raquo;<span class=\"screen-reader-text\">Its evolution in Spain<\/span><\/a><\/p>\n","protected":false},"author":4,"featured_media":0,"parent":0,"menu_order":0,"comment_status":"closed","ping_status":"closed","template":"page-templates\/template-pagebuilder-full-width.php","meta":[],"_links":{"self":[{"href":"https:\/\/comerciolocalesvital.com\/en\/wp-json\/wp\/v2\/pages\/926"}],"collection":[{"href":"https:\/\/comerciolocalesvital.com\/en\/wp-json\/wp\/v2\/pages"}],"about":[{"href":"https:\/\/comerciolocalesvital.com\/en\/wp-json\/wp\/v2\/types\/page"}],"author":[{"embeddable":true,"href":"https:\/\/comerciolocalesvital.com\/en\/wp-json\/wp\/v2\/users\/4"}],"replies":[{"embeddable":true,"href":"https:\/\/comerciolocalesvital.com\/en\/wp-json\/wp\/v2\/comments?post=926"}],"version-history":[{"count":5,"href":"https:\/\/comerciolocalesvital.com\/en\/wp-json\/wp\/v2\/pages\/926\/revisions"}],"predecessor-version":[{"id":931,"href":"https:\/\/comerciolocalesvital.com\/en\/wp-json\/wp\/v2\/pages\/926\/revisions\/931"}],"wp:attachment":[{"href":"https:\/\/comerciolocalesvital.com\/en\/wp-json\/wp\/v2\/media?parent=926"}],"curies":[{"name":"wp","href":"https:\/\/api.w.org\/{rel}","templated":true}]}}