{"id":993,"date":"2021-04-19T10:34:52","date_gmt":"2021-04-19T08:34:52","guid":{"rendered":"https:\/\/www.comerciolocalesvital.com\/?page_id=993"},"modified":"2021-04-27T16:30:20","modified_gmt":"2021-04-27T14:30:20","slug":"blog","status":"publish","type":"page","link":"https:\/\/comerciolocalesvital.com\/ca\/blog\/","title":{"rendered":"\u00daltimes novetats del projecte"},"content":{"rendered":"\t\t<div data-elementor-type=\"wp-page\" data-elementor-id=\"993\" class=\"elementor elementor-993 elementor-977\" data-elementor-settings=\"[]\">\n\t\t\t\t\t\t<div class=\"elementor-inner\">\n\t\t\t\t\t\t\t<div class=\"elementor-section-wrap\">\n\t\t\t\t\t\t\t<section class=\"elementor-section elementor-top-section elementor-element elementor-element-d7b1c81 elementor-section-boxed elementor-section-height-default elementor-section-height-default\" data-id=\"d7b1c81\" data-element_type=\"section\" data-settings=\"{&quot;background_background&quot;:&quot;classic&quot;}\">\n\t\t\t\t\t\t<div class=\"elementor-container elementor-column-gap-default\">\n\t\t\t\t\t\t\t<div class=\"elementor-row\">\n\t\t\t\t\t<div class=\"elementor-column elementor-col-100 elementor-top-column elementor-element elementor-element-ae3ed5b\" data-id=\"ae3ed5b\" data-element_type=\"column\">\n\t\t\t<div class=\"elementor-column-wrap elementor-element-populated\">\n\t\t\t\t\t\t\t<div class=\"elementor-widget-wrap\">\n\t\t\t\t\t\t<div class=\"elementor-element elementor-element-9971371 elementor-widget elementor-widget-spacer\" data-id=\"9971371\" data-element_type=\"widget\" data-widget_type=\"spacer.default\">\n\t\t\t\t<div class=\"elementor-widget-container\">\n\t\t\t\t\t<div class=\"elementor-spacer\">\n\t\t\t<div class=\"elementor-spacer-inner\"><\/div>\n\t\t<\/div>\n\t\t\t\t<\/div>\n\t\t\t\t<\/div>\n\t\t\t\t<section class=\"elementor-section elementor-inner-section elementor-element elementor-element-5ad7f50 elementor-section-boxed elementor-section-height-default elementor-section-height-default\" data-id=\"5ad7f50\" data-element_type=\"section\">\n\t\t\t\t\t\t<div class=\"elementor-container elementor-column-gap-default\">\n\t\t\t\t\t\t\t<div class=\"elementor-row\">\n\t\t\t\t\t<div class=\"elementor-column elementor-col-100 elementor-inner-column elementor-element elementor-element-2cbad13\" data-id=\"2cbad13\" data-element_type=\"column\">\n\t\t\t<div class=\"elementor-column-wrap elementor-element-populated\">\n\t\t\t\t\t\t\t<div class=\"elementor-widget-wrap\">\n\t\t\t\t\t\t<div class=\"elementor-element elementor-element-c834039 elementor-widget__width-auto elementor-widget elementor-widget-heading\" data-id=\"c834039\" data-element_type=\"widget\" data-widget_type=\"heading.default\">\n\t\t\t\t<div class=\"elementor-widget-container\">\n\t\t\t<h2 class=\"elementor-heading-title elementor-size-default\">#Comer\u00e7LocalEsVital<\/h2>\t\t<\/div>\n\t\t\t\t<\/div>\n\t\t\t\t\t\t<\/div>\n\t\t\t\t\t<\/div>\n\t\t<\/div>\n\t\t\t\t\t\t\t\t<\/div>\n\t\t\t\t\t<\/div>\n\t\t<\/section>\n\t\t\t\t\t\t<\/div>\n\t\t\t\t\t<\/div>\n\t\t<\/div>\n\t\t\t\t\t\t\t\t<\/div>\n\t\t\t\t\t<\/div>\n\t\t<\/section>\n\t\t\t\t<section class=\"elementor-section elementor-top-section elementor-element elementor-element-1f9ee3a elementor-section-boxed elementor-section-height-default elementor-section-height-default\" data-id=\"1f9ee3a\" data-element_type=\"section\" data-settings=\"{&quot;background_background&quot;:&quot;classic&quot;}\">\n\t\t\t\t\t\t<div class=\"elementor-container elementor-column-gap-default\">\n\t\t\t\t\t\t\t<div class=\"elementor-row\">\n\t\t\t\t\t<div class=\"elementor-column elementor-col-100 elementor-top-column elementor-element elementor-element-f53347d\" data-id=\"f53347d\" data-element_type=\"column\">\n\t\t\t<div class=\"elementor-column-wrap elementor-element-populated\">\n\t\t\t\t\t\t\t<div class=\"elementor-widget-wrap\">\n\t\t\t\t\t\t<div class=\"elementor-element elementor-element-dcf2ec4 elementor-grid-3 elementor-grid-tablet-2 elementor-grid-mobile-1 elementor-posts--thumbnail-top elementor-card-shadow-yes elementor-posts__hover-gradient elementor-widget elementor-widget-posts\" data-id=\"dcf2ec4\" data-element_type=\"widget\" data-settings=\"{&quot;cards_row_gap&quot;:{&quot;unit&quot;:&quot;px&quot;,&quot;size&quot;:22,&quot;sizes&quot;:[]},&quot;cards_columns&quot;:&quot;3&quot;,&quot;cards_columns_tablet&quot;:&quot;2&quot;,&quot;cards_columns_mobile&quot;:&quot;1&quot;}\" data-widget_type=\"posts.cards\">\n\t\t\t\t<div class=\"elementor-widget-container\">\n\t\t\t\t\t<div class=\"elementor-posts-container elementor-posts elementor-posts--skin-cards elementor-grid\">\n\t\t\t\t<article class=\"elementor-post elementor-grid-item post-1329 post type-post status-publish format-standard hentry category-sense-categoria\">\n\t\t\t<div class=\"elementor-post__card\">\n\t\t\t\t<div class=\"elementor-post__text\">\n\t\t\t\t<h3 class=\"elementor-post__title\">\n\t\t\t<a href=\"https:\/\/comerciolocalesvital.com\/ca\/david-i-goliat-lal%c2%b7lusio-de-lultim-spot-de-vodafone\/\" >\n\t\t\t\tDavid i Goliat, l&#8217;al\u00b7lusi\u00f3 de l&#8217;\u00faltim spot de Vodafone\t\t\t<\/a>\n\t\t<\/h3>\n\t\t\t\t<div class=\"elementor-post__excerpt\">\n\t\t\t<p>Vodafone ha estat la darrera companyia en sumar-se al carro del petit comer\u00e7&nbsp;amb el seu nou spot Negocio Ilimitable. L\u2019empresa de telecomunicacions ha fet esment<\/p>\n\t\t<\/div>\n\t\t\t\t\t<a class=\"elementor-post__read-more\" href=\"https:\/\/comerciolocalesvital.com\/ca\/david-i-goliat-lal%c2%b7lusio-de-lultim-spot-de-vodafone\/\" >\n\t\t\t\tLeer M\u00e1s >>\t\t\t<\/a>\n\t\t\t\t<\/div>\n\t\t\t\t\t<\/div>\n\t\t<\/article>\n\t\t\t\t<article class=\"elementor-post elementor-grid-item post-1281 post type-post status-publish format-standard hentry category-sense-categoria\">\n\t\t\t<div class=\"elementor-post__card\">\n\t\t\t\t<div class=\"elementor-post__text\">\n\t\t\t\t<h3 class=\"elementor-post__title\">\n\t\t\t<a href=\"https:\/\/comerciolocalesvital.com\/ca\/la-digitalitzacio-del-comerc-local-des-de-ladministracio\/\" >\n\t\t\t\tLa digitalitzaci\u00f3 del comer\u00e7 local des de l\u2019administraci\u00f3\t\t\t<\/a>\n\t\t<\/h3>\n\t\t\t\t<div class=\"elementor-post__excerpt\">\n\t\t\t<p>Amb l\u2019esclat de la covid-19 els sectors del comer\u00e7 i la restauraci\u00f3 han estat durament afectats, especialment degut a les necess\u00e0ries restriccions per mobilitat, aforament<\/p>\n\t\t<\/div>\n\t\t\t\t\t<a class=\"elementor-post__read-more\" href=\"https:\/\/comerciolocalesvital.com\/ca\/la-digitalitzacio-del-comerc-local-des-de-ladministracio\/\" >\n\t\t\t\tLeer M\u00e1s >>\t\t\t<\/a>\n\t\t\t\t<\/div>\n\t\t\t\t\t<\/div>\n\t\t<\/article>\n\t\t\t\t<article class=\"elementor-post elementor-grid-item post-1211 post type-post status-publish format-standard hentry category-sense-categoria\">\n\t\t\t<div class=\"elementor-post__card\">\n\t\t\t\t<div class=\"elementor-post__text\">\n\t\t\t\t<h3 class=\"elementor-post__title\">\n\t\t\t<a href=\"https:\/\/comerciolocalesvital.com\/ca\/iniciativas-por-los-ayuntamientos-que-quieren-apoyar-el-comercio-local\/\" >\n\t\t\t\tIniciatives pels ajuntaments que volen recolzar el comer\u00e7 local\t\t\t<\/a>\n\t\t<\/h3>\n\t\t\t\t<div class=\"elementor-post__excerpt\">\n\t\t\t<p>Les institucions juguen un paper molt important a l\u2019hora de revifar el comer\u00e7 local. Per aix\u00f2, molts ajuntaments posen en pr\u00e0ctica campanyes a favor d\u2019aquest<\/p>\n\t\t<\/div>\n\t\t\t\t\t<a class=\"elementor-post__read-more\" href=\"https:\/\/comerciolocalesvital.com\/ca\/iniciativas-por-los-ayuntamientos-que-quieren-apoyar-el-comercio-local\/\" >\n\t\t\t\tLeer M\u00e1s >>\t\t\t<\/a>\n\t\t\t\t<\/div>\n\t\t\t\t\t<\/div>\n\t\t<\/article>\n\t\t\t\t<article class=\"elementor-post elementor-grid-item post-1205 post type-post status-publish format-standard hentry category-sense-categoria\">\n\t\t\t<div class=\"elementor-post__card\">\n\t\t\t\t<div class=\"elementor-post__text\">\n\t\t\t\t<h3 class=\"elementor-post__title\">\n\t\t\t<a href=\"https:\/\/comerciolocalesvital.com\/ca\/amunt-persianes-la-iniciativa-de-barcelona-para-reactivar-el-comercio-local\/\" >\n\t\t\t\tAmunt Persianes &#8211; La iniciativa de Barcelona para reactivar el comercio local\t\t\t<\/a>\n\t\t<\/h3>\n\t\t\t\t<div class=\"elementor-post__excerpt\">\n\t\t\t<p>El panorama que ha dejado la pandemia en Barcelona es desolador, especialmente en el centro de la ciudad, donde muchos negocios no han podido hacer<\/p>\n\t\t<\/div>\n\t\t\t\t\t<a class=\"elementor-post__read-more\" href=\"https:\/\/comerciolocalesvital.com\/ca\/amunt-persianes-la-iniciativa-de-barcelona-para-reactivar-el-comercio-local\/\" >\n\t\t\t\tLeer M\u00e1s >>\t\t\t<\/a>\n\t\t\t\t<\/div>\n\t\t\t\t\t<\/div>\n\t\t<\/article>\n\t\t\t\t<article class=\"elementor-post elementor-grid-item post-1040 post type-post status-publish format-standard hentry category-sense-categoria\">\n\t\t\t<div class=\"elementor-post__card\">\n\t\t\t\t<div class=\"elementor-post__text\">\n\t\t\t\t<h3 class=\"elementor-post__title\">\n\t\t\t<a href=\"https:\/\/comerciolocalesvital.com\/ca\/perque-el-comerc-local-es-vital\/\" >\n\t\t\t\tPerqu\u00e8 el Comer\u00e7 Local \u00e9s Vital\t\t\t<\/a>\n\t\t<\/h3>\n\t\t\t\t<div class=\"elementor-post__excerpt\">\n\t\t\t<p>#Comer\u00e7LocalEsVital \u00e9s una iniciativa que neix de la m\u00e0 de Gosbi. Com a empresa dedicada al sector de l\u2019alimentaci\u00f3 per als animals de casa, els\u00a0productes<\/p>\n\t\t<\/div>\n\t\t\t\t\t<a class=\"elementor-post__read-more\" href=\"https:\/\/comerciolocalesvital.com\/ca\/perque-el-comerc-local-es-vital\/\" >\n\t\t\t\tLeer M\u00e1s >>\t\t\t<\/a>\n\t\t\t\t<\/div>\n\t\t\t\t\t<\/div>\n\t\t<\/article>\n\t\t\t\t<\/div>\n\t\t\t\t<\/div>\n\t\t\t\t<\/div>\n\t\t\t\t\t\t<\/div>\n\t\t\t\t\t<\/div>\n\t\t<\/div>\n\t\t\t\t\t\t\t\t<\/div>\n\t\t\t\t\t<\/div>\n\t\t<\/section>\n\t\t\t\t\t\t<\/div>\n\t\t\t\t\t\t<\/div>\n\t\t\t\t\t<\/div>\n\t\t","protected":false},"excerpt":{"rendered":"<p>#Comer\u00e7LocalEsVital<\/p>\n","protected":false},"author":4,"featured_media":0,"parent":0,"menu_order":0,"comment_status":"closed","ping_status":"closed","template":"page-templates\/template-pagebuilder-full-width.php","meta":[],"_links":{"self":[{"href":"https:\/\/comerciolocalesvital.com\/ca\/wp-json\/wp\/v2\/pages\/993"}],"collection":[{"href":"https:\/\/comerciolocalesvital.com\/ca\/wp-json\/wp\/v2\/pages"}],"about":[{"href":"https:\/\/comerciolocalesvital.com\/ca\/wp-json\/wp\/v2\/types\/page"}],"author":[{"embeddable":true,"href":"https:\/\/comerciolocalesvital.com\/ca\/wp-json\/wp\/v2\/users\/4"}],"replies":[{"embeddable":true,"href":"https:\/\/comerciolocalesvital.com\/ca\/wp-json\/wp\/v2\/comments?post=993"}],"version-history":[{"count":11,"href":"https:\/\/comerciolocalesvital.com\/ca\/wp-json\/wp\/v2\/pages\/993\/revisions"}],"predecessor-version":[{"id":1197,"href":"https:\/\/comerciolocalesvital.com\/ca\/wp-json\/wp\/v2\/pages\/993\/revisions\/1197"}],"wp:attachment":[{"href":"https:\/\/comerciolocalesvital.com\/ca\/wp-json\/wp\/v2\/media?parent=993"}],"curies":[{"name":"wp","href":"https:\/\/api.w.org\/{rel}","templated":true}]}}