{"id":695,"date":"2020-05-11T06:11:39","date_gmt":"2020-05-11T06:11:39","guid":{"rendered":"https:\/\/www.comerciolocalesvital.com\/politica-de-cookies\/"},"modified":"2026-02-26T17:24:03","modified_gmt":"2026-02-26T15:24:03","slug":"politica-de-cookies","status":"publish","type":"page","link":"https:\/\/comerciolocalesvital.com\/ca\/politica-de-cookies\/","title":{"rendered":"Pol\u00edtica de cookies"},"content":{"rendered":"\n<p><strong>1 OBJETO DE LA POL\u00cdTICA DE COOKIES<\/strong><br>En cumplimiento de lo establecido en el art\u00edculo 22 de la Ley 34\/2002, de 11 de julio, de Servicios de la Sociedad de la Informaci\u00f3n y Comercio Electr\u00f3nico este documento tiene por objeto informarte de la pol\u00edtica de uso de dispositivos de almacenamiento y recuperaci\u00f3n de datos en equipos terminales (en adelante cookies) por parte de Gosbi Petfood S.A (en adelante tambi\u00e9n identificada como Gosbi) en su condici\u00f3n de prestador de servicios de la sociedad de la informaci\u00f3n a trav\u00e9s de este sitio web www.gosbi.com y cualquier otro sitio web de Gosbi relacionado con nuestras marcas comerciales asociado a www.gosbi.com (en adelante todos \u201cel Sitio o Sitio Web\u201d) con la finalidad de que puedas decidir si autorizas o no el uso de cookies en los equipos terminales que utilizas en tu navegaci\u00f3n a trav\u00e9s del sitio.<\/p>\n\n\n\n<p><strong>2 QUE SON LAS COOKIES<\/strong><br>Las cookies son ficheros o archivos de texto que un servidor web descarga y almacena en tu ordenador\/smartphone\/tablet (en adelante equipo) al acceder a determinadas p\u00e1ginas web para almacenar y recuperar informaci\u00f3n sobre la navegaci\u00f3n que realizas desde dicho equipo. Por ello las cookies pueden almacenar informaci\u00f3n sobre tu equipo o sobre tus sesiones de navegaci\u00f3n de los sitios web que has visitado.En definitiva las cookies son un mensaje enviado por el servidor de Gosbi, al equipo desde el cual est\u00e9s navegando por internet,&nbsp; consistente en ficheros de texto que se almacenan en la memoria de tu equipo y que recogen informaci\u00f3n relativa a la p\u00e1gina que visitas, el tiempo de conexi\u00f3n a Internet, y otros datos seg\u00fan el tipo de cookie. Las cookies son enviadas a nuestro servidor cada vez que entras en nuestro sitio web. No obstante, con car\u00e1cter general las cookies no pueden leer datos almacenados en tu equipo ni leer los archivos cookies creados por otros proveedores. Si desea&nbsp;<a href=\"http:\/\/gosbi.com\/mas-informacion-sobre-las-cookies\/\">m\u00e1s informaci\u00f3n<\/a>&nbsp;sobre las cookies, pinche en&nbsp;<a href=\"http:\/\/gosbi.com\/mas-informacion-sobre-las-cookies\/\">este enlace<\/a>.<\/p>\n\n\n\n<p><strong>3 QU\u00c9 COOKIES UTILIZAMOS EN ESTE SITIO WEB<\/strong><br>A continuaci\u00f3n puedes ver las cookies que utiliza el sitio web, su proveedor as\u00ed como una descripci\u00f3n de la finalidad.Las cookies utilizadas por Gosbi son:<br>Cookies de Rendimiento: este tipo de cookie recuerda tus preferencias para las herramientas que se encuentran en los servicios, por lo que no tienes que volver a configurarlas cada vez que entras (por ejemplo, ajuste de volumen de reproductor de v\u00eddeo, velocidad de transmisi\u00f3n de v\u00eddeo compatible con tu navegador, etc.)<br>Cookies de Geolocalizaci\u00f3n: estas cookies se utilizan para averiguar en qu\u00e9 pa\u00eds se encuentra cuando solicita un servicio, son totalmente an\u00f3nimas y s\u00f3lo sirven para ayudar a orientar el contenido a su ubicaci\u00f3n Cookies de Registro: estas cookies se generan cada vez que el usuario se registre o abra su sesi\u00f3n, y se utiliza para mantener identificado al usuario en diferentes sesiones y tambi\u00e9n para autorizarle a acceder a determinados servicios o contenidos, por ejemplo para participar en promociones. Esta funcionalidad se puede suprimir si el usuario cierra la sesi\u00f3n. Adem\u00e1s, algunos servicios pueden utilizar conectores con redes sociales como Facebook o Twitter. Cuando te registras usando las credenciales de una red social, autorizas a la red social a guardar una cookie persistente que recuerda tu identidad y te garantiza el acceso a los servicios hasta que expira. Puedes borrar esa cookie y revocar el acceso actualizando tus preferencias en la red social.<br>Cookies Anal\u00edticas: casa vez que visitas el site, una herramienta de un proveedor externo (analytics de google, webtrends, y similares que podr\u00edan a\u00f1adirse a esta lista) genera una cookie anal\u00edtica en el ordenador. Esta cookie que se genera en la visita, servir\u00e1 en pr\u00f3ximas visitas a los servicios del site para identificarte de forma an\u00f3nima. Esta cookie ayuda a identificar an\u00f3nimamente al usuario, su navegador y dispositivo, no a la persona, y contabilizando un n\u00famero de visitantes y su tendencia en el tiempo (saber si es nuevo o repite, identificar an\u00f3nimamente los contenidos m\u00e1s visitados y m\u00e1s atractivos, etc.). Salvo que se trate de un usuario registrado, la cookie no est\u00e1 asociada a ning\u00fan dato de car\u00e1cter personal que pueda identificarte. Estas cookies s\u00f3lo son usadas con prop\u00f3sito estad\u00edstico que ayuda a la optimizaci\u00f3n de la experiencia del usuario. Gosbi no es en ning\u00fan caso responsable del contenido y veracidad de las pol\u00edticas y condiciones de uso y privacidad de los terceros, incluidas en estas condiciones a trav\u00e9s de los enlaces y links publicados en nuestra pol\u00edtica.En todo caso y en relaci\u00f3n con las cookies enumeradas y descritas, t\u00fa puedes configurar las opciones del navegador instalado en tu equipo para permitir o desactivar el almacenamiento de las cookies, o configurar su eliminaci\u00f3n. Para ello, visita o accede a los sitios de cada proveedor que te indicamos en la columna del medio del cuadro anterior.S\u00f3lo debes saber que, la desactivaci\u00f3n o eliminaci\u00f3n de la instalaci\u00f3n y uso de cookies puede implicar que determinados servicios y contenidos de nuestro sitio web puedan quedar limitados o inactivos, lo que puede impedirte disfrutar de dichos servicios y contenidos.<\/p>\n\n\n\n<p><strong>4 C\u00d3MO NOS AUTORIZAS Y CONSIENTES EL USO DE LAS COOKIES<\/strong><br>En relaci\u00f3n con el uso de cookies de este sitio web que te hemos descrito en el apartado anterior, debes saber que nos autorizas y consientes su uso de la siguiente forma:a) Puedes aceptar marcando la casilla de ACEPTO indicada en el banner informativo que encabeza el sitio web. Tambi\u00e9n puedes aceptar el uso de las cookies mediante la navegaci\u00f3n por el sitio cuando haces click o pinchas en cualquier parte del mismo. De las dos formas estar\u00e1s manifestando tu consentimiento para que podamos alojar y utilizar los tipos de cookies que hemos descrito en el apartado anterior, en el dispositivo desde el que navegas. No obstante, recuerda que pese a la aceptaci\u00f3n inicial de uso de las cookies, en cualquier momento podr\u00e1s revocar tu consentimiento al uso de cookies en este sitio web, eliminando las cookies y\/o dispositivos de almacenamiento y recuperaci\u00f3n de datos de tu equipo inform\u00e1tico y configurando tu navegador para desactivarlos. La revocaci\u00f3n no tendr\u00e1 efectos retroactivos y adem\u00e1s te informamos de que, en tal caso, determinados servicios y contenidos de este sitio web podr\u00edan quedar inaccesibles lo que puede impedir que disfrutes de dichos servicios y contenidos (como por ejemplo, permanecer identificado, participar en promociones, etc.).b) Adem\u00e1s, cuando sea t\u00e9cnicamente posible y eficaz, tu consentimiento para aceptar el tratamiento de las cookies se entender\u00e1 facilitado por la configuraci\u00f3n que t\u00fa hayas realizado del navegador o de otras aplicaciones para navegar a trav\u00e9s del sitio admitiendo el uso de cookies. Ten en cuenta que tu autorizaci\u00f3n para el uso de cookies ser\u00e1 v\u00e1lida para cualquier sitio de Gosbi puesto que el inicio de sesi\u00f3n en un sitio de Gosbi es v\u00e1lido para la navegaci\u00f3n entre todas las secciones y marcas de Gosbi y los sitios web asociados.<\/p>\n\n\n\n<p><strong>5 C\u00d3MO PUEDES DESACTIVAR O DESHABILITAR EL USO DE COOKIES<\/strong><br>Tienes la opci\u00f3n de dejar de aceptar el uso de cookies y los dispositivos de almacenamiento y recuperaci\u00f3n de datos en cualquier momento a trav\u00e9s de tu navegador, o dejar de aceptarlos cada vez que inicias una sesi\u00f3n de navegaci\u00f3n en nuestro sitio web.La mayor\u00eda de los navegadores permiten cambiar la configuraci\u00f3n de cookies y los dispositivos de almacenamiento y recuperaci\u00f3n de datos. Estos ajustes normalmente se encuentran en las \u2018opciones\u2019 o \u2018Preferencias\u2019 del men\u00fa de tu navegador.<br>A continuaci\u00f3n te ofrecemos una orientaci\u00f3n sobre los pasos para acceder al men\u00fa de configuraci\u00f3n de las cookies y, en su caso, de la navegaci\u00f3n privada en cada uno de losnavegadores principales<br>Internet Explorer : Herramientas -&gt; Opciones de Internet -&gt; Privacidad -&gt; Configuraci\u00f3n.<br>Para m\u00e1s informaci\u00f3n, puede consultar el soporte de Microsoft o la Ayuda del navegador.<br>Firefox : Herramientas -&gt; Opciones -&gt; Privacidad -&gt; Historial -&gt; Configuraci\u00f3n Personalizada.<br>Para m\u00e1s informaci\u00f3n, puede consultar el soporte de Mozilla o la Ayuda del navegador.<br>Chrome : Configuraci\u00f3n -&gt; Mostrar opciones avanzadas -&gt; Privacidad -&gt; Configuraci\u00f3n de contenido.<br>Para m\u00e1s informaci\u00f3n, puede consultar el soporte de Google o la Ayuda del navegador.<br>Safari: Preferencias -&gt; Seguridad.<br>Para m\u00e1s informaci\u00f3n, puede consultar el soporte de Apple o la Ayuda del navegador.<br>6 PROTECCI\u00d3N DE DATOS DE CAR\u00c1CTER PERSONAL<br>Las cookies son ficheros de texto que un servidor web descarga y almacena en tu equipo al acceder a determinadas p\u00e1ginas web para almacenar y recuperar informaci\u00f3n sobre la navegaci\u00f3n que realizas desde dicho equipo pero no recopilan datos de car\u00e1cter personal.No obstante, si eres un usuario registrado en nuestro sitio web, podemos asociar a tus datos personales las cookies descargadas en tu equipo. A tales efectos, para m\u00e1s informaci\u00f3n consulta nuestra pol\u00edtica de protecci\u00f3n de datos para obtener m\u00e1s informaci\u00f3n sobre los fines del tratamiento de tus datos personales y cookies asociadas en tal caso.<\/p>\n\n\n\n<p><strong>7.-ACTUALIZACI\u00d3N<\/strong><br>Ocasionalmente actualizaremos estas condiciones y pol\u00edtica de cookies y dispositivos de almacenamiento y recuperaci\u00f3n de datos.Cualquier modificaci\u00f3n de estas condiciones ser\u00e1 publicada en este sitio web y en cualquiera de los sitios web de Gosbi asociados. A partir del momento en que pongamos en tu&nbsp; conocimiento las nuevas condiciones mediante su publicaci\u00f3n en nuestros sitios web, estas condiciones ser\u00e1n de aplicaci\u00f3n sustituyendo a las anteriormente publicadas. Es tu responsabilidad acceder peri\u00f3dicamente a estas condiciones publicadas en nuestro sitio web a fin de conocer en todo momento la \u00faltima versi\u00f3n.<\/p>\n\n\n\n<p><strong>8.-LEGISLACI\u00d3N Y JURISDICCI\u00d3N APLICABLE<\/strong><br>Estas condiciones generales se rigen por la legislaci\u00f3n espa\u00f1ola y para cualquier litigio que pueda derivarse de su interpretaci\u00f3n y\/o aplicaci\u00f3n, con renuncia a cualquier otro fuero, la cuesti\u00f3n se someter\u00e1 a los Juzgados y Tribunales del domicilio del usuario.<\/p>\n\n\n\n<p><strong>9.-CONTACTA CON NOSOTROS<\/strong><br>Te informamos que en Gosbi recibiremos con agradecimiento los comentarios que nos quieras hacer, las sugerencias que nos quieras proporcionar o las consultas que nos env\u00edes en relaci\u00f3n con esta pol\u00edtica de cookies. Para ello, o si te queda alguna duda, puedes ponerte en contacto con tanto por correo electr\u00f3nico con nosotros dirigi\u00e9ndonos un correo a: info@gosbi.com.<\/p>\n\n\n\n<p>[llistat-cookies]<\/p>\n","protected":false},"excerpt":{"rendered":"<p>1 OBJETO DE LA POL\u00cdTICA DE COOKIESEn cumplimiento de lo establecido en el art\u00edculo 22 de la Ley 34\/2002, de 11 de julio, de Servicios de la Sociedad de la Informaci\u00f3n y Comercio Electr\u00f3nico este documento tiene por objeto informarte de la pol\u00edtica de uso de dispositivos de almacenamiento y recuperaci\u00f3n de datos en equipos&hellip;&nbsp;<a href=\"https:\/\/comerciolocalesvital.com\/ca\/politica-de-cookies\/\" class=\"\" rel=\"bookmark\">Read More &raquo;<span class=\"screen-reader-text\">Pol\u00edtica de cookies<\/span><\/a><\/p>\n","protected":false},"author":1,"featured_media":0,"parent":0,"menu_order":0,"comment_status":"closed","ping_status":"closed","template":"","meta":[],"_links":{"self":[{"href":"https:\/\/comerciolocalesvital.com\/ca\/wp-json\/wp\/v2\/pages\/695"}],"collection":[{"href":"https:\/\/comerciolocalesvital.com\/ca\/wp-json\/wp\/v2\/pages"}],"about":[{"href":"https:\/\/comerciolocalesvital.com\/ca\/wp-json\/wp\/v2\/types\/page"}],"author":[{"embeddable":true,"href":"https:\/\/comerciolocalesvital.com\/ca\/wp-json\/wp\/v2\/users\/1"}],"replies":[{"embeddable":true,"href":"https:\/\/comerciolocalesvital.com\/ca\/wp-json\/wp\/v2\/comments?post=695"}],"version-history":[{"count":2,"href":"https:\/\/comerciolocalesvital.com\/ca\/wp-json\/wp\/v2\/pages\/695\/revisions"}],"predecessor-version":[{"id":1353,"href":"https:\/\/comerciolocalesvital.com\/ca\/wp-json\/wp\/v2\/pages\/695\/revisions\/1353"}],"wp:attachment":[{"href":"https:\/\/comerciolocalesvital.com\/ca\/wp-json\/wp\/v2\/media?parent=695"}],"curies":[{"name":"wp","href":"https:\/\/api.w.org\/{rel}","templated":true}]}}