{"id":247,"date":"2020-04-24T11:03:49","date_gmt":"2020-04-24T11:03:49","guid":{"rendered":"http:\/\/localesvital.com\/por-que-impulsamos-esta-campana\/"},"modified":"2020-05-12T14:36:48","modified_gmt":"2020-05-12T14:36:48","slug":"por-que-impulsamos-esta-campana","status":"publish","type":"page","link":"https:\/\/comerciolocalesvital.com\/ca\/por-que-impulsamos-esta-campana\/","title":{"rendered":"Per qu\u00e8 impulsem aquesta campanya?"},"content":{"rendered":"\t\t<div data-elementor-type=\"wp-page\" data-elementor-id=\"247\" class=\"elementor elementor-247 elementor-105\" data-elementor-settings=\"[]\">\n\t\t\t\t\t\t<div class=\"elementor-inner\">\n\t\t\t\t\t\t\t<div class=\"elementor-section-wrap\">\n\t\t\t\t\t\t\t<section class=\"elementor-section elementor-top-section elementor-element elementor-element-71fb3496 elementor-section-boxed elementor-section-height-default elementor-section-height-default\" data-id=\"71fb3496\" data-element_type=\"section\" data-settings=\"{&quot;background_background&quot;:&quot;classic&quot;}\">\n\t\t\t\t\t\t<div class=\"elementor-container elementor-column-gap-default\">\n\t\t\t\t\t\t\t<div class=\"elementor-row\">\n\t\t\t\t\t<div class=\"elementor-column elementor-col-100 elementor-top-column elementor-element elementor-element-29b5b186\" data-id=\"29b5b186\" data-element_type=\"column\">\n\t\t\t<div class=\"elementor-column-wrap elementor-element-populated\">\n\t\t\t\t\t\t\t<div class=\"elementor-widget-wrap\">\n\t\t\t\t\t\t<div class=\"elementor-element elementor-element-59d39aa0 elementor-widget elementor-widget-spacer\" data-id=\"59d39aa0\" data-element_type=\"widget\" data-widget_type=\"spacer.default\">\n\t\t\t\t<div class=\"elementor-widget-container\">\n\t\t\t\t\t<div class=\"elementor-spacer\">\n\t\t\t<div class=\"elementor-spacer-inner\"><\/div>\n\t\t<\/div>\n\t\t\t\t<\/div>\n\t\t\t\t<\/div>\n\t\t\t\t<section class=\"elementor-section elementor-inner-section elementor-element elementor-element-7f178858 elementor-section-boxed elementor-section-height-default elementor-section-height-default\" data-id=\"7f178858\" data-element_type=\"section\">\n\t\t\t\t\t\t<div class=\"elementor-container elementor-column-gap-default\">\n\t\t\t\t\t\t\t<div class=\"elementor-row\">\n\t\t\t\t\t<div class=\"elementor-column elementor-col-100 elementor-inner-column elementor-element elementor-element-25f9ab46\" data-id=\"25f9ab46\" data-element_type=\"column\">\n\t\t\t<div class=\"elementor-column-wrap elementor-element-populated\">\n\t\t\t\t\t\t\t<div class=\"elementor-widget-wrap\">\n\t\t\t\t\t\t<div class=\"elementor-element elementor-element-5b2c11f elementor-widget elementor-widget-heading\" data-id=\"5b2c11f\" data-element_type=\"widget\" data-widget_type=\"heading.default\">\n\t\t\t\t<div class=\"elementor-widget-container\">\n\t\t\t<h2 class=\"elementor-heading-title elementor-size-default\">Gosbi i la seva pol\u00edtica comercial<\/h2>\t\t<\/div>\n\t\t\t\t<\/div>\n\t\t\t\t<div class=\"elementor-element elementor-element-32cb9c4e elementor-widget__width-auto elementor-widget elementor-widget-heading\" data-id=\"32cb9c4e\" data-element_type=\"widget\" data-widget_type=\"heading.default\">\n\t\t\t\t<div class=\"elementor-widget-container\">\n\t\t\t<h2 class=\"elementor-heading-title elementor-size-default\">#Comer\u00e7LocalEsVital<\/h2>\t\t<\/div>\n\t\t\t\t<\/div>\n\t\t\t\t\t\t<\/div>\n\t\t\t\t\t<\/div>\n\t\t<\/div>\n\t\t\t\t\t\t\t\t<\/div>\n\t\t\t\t\t<\/div>\n\t\t<\/section>\n\t\t\t\t\t\t<\/div>\n\t\t\t\t\t<\/div>\n\t\t<\/div>\n\t\t\t\t\t\t\t\t<\/div>\n\t\t\t\t\t<\/div>\n\t\t<\/section>\n\t\t\t\t<section class=\"elementor-section elementor-top-section elementor-element elementor-element-4b3aa2a9 elementor-section-boxed elementor-section-height-default elementor-section-height-default\" data-id=\"4b3aa2a9\" data-element_type=\"section\" data-settings=\"{&quot;background_background&quot;:&quot;classic&quot;}\">\n\t\t\t\t\t\t<div class=\"elementor-container elementor-column-gap-default\">\n\t\t\t\t\t\t\t<div class=\"elementor-row\">\n\t\t\t\t\t<div class=\"elementor-column elementor-col-100 elementor-top-column elementor-element elementor-element-717e9cb7\" data-id=\"717e9cb7\" data-element_type=\"column\">\n\t\t\t<div class=\"elementor-column-wrap elementor-element-populated\">\n\t\t\t\t\t\t\t<div class=\"elementor-widget-wrap\">\n\t\t\t\t\t\t<div class=\"elementor-element elementor-element-7e22f638 elementor-widget elementor-widget-text-editor\" data-id=\"7e22f638\" data-element_type=\"widget\" data-widget_type=\"text-editor.default\">\n\t\t\t\t<div class=\"elementor-widget-container\">\n\t\t\t\t\t\t\t\t<div class=\"elementor-text-editor elementor-clearfix\">\n\t\t\t\t\t<p style=\"text-align: center;\"><span style=\"font-weight: 400;\">GOSBI \u00e9s una empresa familiar de productes d&#8217;alimentaci\u00f3 per a animals de companyia que aposta decididament per la qualitat, l&#8217;honestedat i el respecte pels animals, amb el prop\u00f2sit d&#8217;oferir solucions a les fam\u00edlies que els permetin viure una vida m\u00e9s natural, sana i feli\u00e7 amb els seus peluts.<\/span><span style=\"font-weight: 400;\">\u00a0<\/span><\/p><p style=\"text-align: center;\"><span style=\"font-weight: 400;\">Els productes GOSBI no es troben ni a supermercats ni a les grans cadenes del sector dels animals de companyia. Nom\u00e9s es venen a trav\u00e9s del comer\u00e7 de proximitat, a botigues especialitzades i cl\u00edniques veterin\u00e0ries. Tampoc a Amazon ni a cap altre gegant digital. Els nostres productes nom\u00e9s es venen online a trav\u00e9s de la nostra pr\u00f2pia p\u00e0gina web i en totes les vendes compartim el benefici amb el comer\u00e7 de confian\u00e7a dels usuaris de la botiga online, gr\u00e0cies a la vinculaci\u00f3 creada entre el comer\u00e7 i el consumidor per la recomanaci\u00f3 activa de els nostres productes.<\/span><\/p><p style=\"text-align: center;\"><span style=\"font-weight: 400;\">L&#8217;elecci\u00f3 del comer\u00e7 de proximitat com a canal exclusiu per als nostres productes va sorgir de forma natural i ha resultat un factor determinant per a l&#8217;\u00e8xit del nostre projecte. Apostem pel comer\u00e7 especialitzat i pel veterinari com a assessors professionals dels nostres productes a l&#8217;entendre que no hi ha millor manera de comunicar confian\u00e7a i credibilitat.<\/span><\/p><p style=\"text-align: center;\"><span style=\"font-weight: 400;\">Sempre hem estat al costat del comer\u00e7 de proximitat, \u00e9s el nostre h\u00e0bitat natural, per\u00f2 ara sentim que hem de donar un pas endavant i encap\u00e7alar un projecte de conscienciaci\u00f3 de la necessitat d&#8217;aquest tipus de comer\u00e7. Si deixem caure el comer\u00e7 de proximitat, les nostres ciutats canviaran i no hi haur\u00e0 marxa enrere. El resultat seran ciutats dormitori, carrers buits i insegurs, anonimat i individualisme.<\/span><\/p><p style=\"text-align: center;\"><span style=\"font-weight: 400;\">Ens sentim amb l&#8217;obligaci\u00f3 moral de sortir a defensar el comer\u00e7 de proximitat. Ja no \u00e9s tan sols un tema de sostenibilitat, es tracta de donar un sentit a la nostra activitat. Pensem que els negocis s\u00f3n alguna cosa m\u00e9s que comptes de resultats i que aquest \u00e9s el moment de treballar per defensar els valors de la proximitat, de la tradici\u00f3, del saber fer i del tracte familiar.<\/span><\/p>\t\t\t\t\t<\/div>\n\t\t\t\t\t\t<\/div>\n\t\t\t\t<\/div>\n\t\t\t\t\t\t<\/div>\n\t\t\t\t\t<\/div>\n\t\t<\/div>\n\t\t\t\t\t\t\t\t<\/div>\n\t\t\t\t\t<\/div>\n\t\t<\/section>\n\t\t\t\t\t\t<\/div>\n\t\t\t\t\t\t<\/div>\n\t\t\t\t\t<\/div>\n\t\t","protected":false},"excerpt":{"rendered":"<p>Gosbi i la seva pol\u00edtica comercial #Comer\u00e7LocalEsVital GOSBI \u00e9s una empresa familiar de productes d&#8217;alimentaci\u00f3 per a animals de companyia que aposta decididament per la qualitat, l&#8217;honestedat i el respecte pels animals, amb el prop\u00f2sit d&#8217;oferir solucions a les fam\u00edlies que els permetin viure una vida m\u00e9s natural, sana i feli\u00e7 amb els seus peluts.\u00a0&hellip;&nbsp;<a href=\"https:\/\/comerciolocalesvital.com\/ca\/por-que-impulsamos-esta-campana\/\" class=\"\" rel=\"bookmark\">Read More &raquo;<span class=\"screen-reader-text\">Per qu\u00e8 impulsem aquesta campanya?<\/span><\/a><\/p>\n","protected":false},"author":1,"featured_media":0,"parent":0,"menu_order":0,"comment_status":"closed","ping_status":"closed","template":"page-templates\/template-pagebuilder-full-width.php","meta":[],"_links":{"self":[{"href":"https:\/\/comerciolocalesvital.com\/ca\/wp-json\/wp\/v2\/pages\/247"}],"collection":[{"href":"https:\/\/comerciolocalesvital.com\/ca\/wp-json\/wp\/v2\/pages"}],"about":[{"href":"https:\/\/comerciolocalesvital.com\/ca\/wp-json\/wp\/v2\/types\/page"}],"author":[{"embeddable":true,"href":"https:\/\/comerciolocalesvital.com\/ca\/wp-json\/wp\/v2\/users\/1"}],"replies":[{"embeddable":true,"href":"https:\/\/comerciolocalesvital.com\/ca\/wp-json\/wp\/v2\/comments?post=247"}],"version-history":[{"count":15,"href":"https:\/\/comerciolocalesvital.com\/ca\/wp-json\/wp\/v2\/pages\/247\/revisions"}],"predecessor-version":[{"id":726,"href":"https:\/\/comerciolocalesvital.com\/ca\/wp-json\/wp\/v2\/pages\/247\/revisions\/726"}],"wp:attachment":[{"href":"https:\/\/comerciolocalesvital.com\/ca\/wp-json\/wp\/v2\/media?parent=247"}],"curies":[{"name":"wp","href":"https:\/\/api.w.org\/{rel}","templated":true}]}}