{"id":244,"date":"2020-04-24T11:03:19","date_gmt":"2020-04-24T11:03:19","guid":{"rendered":"http:\/\/localesvital.com\/consejos-para-facilitarte-las-compras-en-comercios-locales\/"},"modified":"2020-05-12T14:41:17","modified_gmt":"2020-05-12T14:41:17","slug":"consejos-para-facilitarte-las-compras-en-comercios-locales","status":"publish","type":"page","link":"https:\/\/comerciolocalesvital.com\/ca\/consejos-para-facilitarte-las-compras-en-comercios-locales\/","title":{"rendered":"Consells per a facilitar-te les compres a comer\u00e7os locals"},"content":{"rendered":"\t\t<div data-elementor-type=\"wp-page\" data-elementor-id=\"244\" class=\"elementor elementor-244 elementor-103\" data-elementor-settings=\"[]\">\n\t\t\t\t\t\t<div class=\"elementor-inner\">\n\t\t\t\t\t\t\t<div class=\"elementor-section-wrap\">\n\t\t\t\t\t\t\t<section class=\"elementor-section elementor-top-section elementor-element elementor-element-2d0a03b9 elementor-section-boxed elementor-section-height-default elementor-section-height-default\" data-id=\"2d0a03b9\" data-element_type=\"section\" data-settings=\"{&quot;background_background&quot;:&quot;classic&quot;}\">\n\t\t\t\t\t\t<div class=\"elementor-container elementor-column-gap-default\">\n\t\t\t\t\t\t\t<div class=\"elementor-row\">\n\t\t\t\t\t<div class=\"elementor-column elementor-col-100 elementor-top-column elementor-element elementor-element-2dfbbd4f\" data-id=\"2dfbbd4f\" data-element_type=\"column\">\n\t\t\t<div class=\"elementor-column-wrap elementor-element-populated\">\n\t\t\t\t\t\t\t<div class=\"elementor-widget-wrap\">\n\t\t\t\t\t\t<div class=\"elementor-element elementor-element-51d58c4a elementor-widget elementor-widget-spacer\" data-id=\"51d58c4a\" data-element_type=\"widget\" data-widget_type=\"spacer.default\">\n\t\t\t\t<div class=\"elementor-widget-container\">\n\t\t\t\t\t<div class=\"elementor-spacer\">\n\t\t\t<div class=\"elementor-spacer-inner\"><\/div>\n\t\t<\/div>\n\t\t\t\t<\/div>\n\t\t\t\t<\/div>\n\t\t\t\t<section class=\"elementor-section elementor-inner-section elementor-element elementor-element-71b66716 elementor-section-boxed elementor-section-height-default elementor-section-height-default\" data-id=\"71b66716\" data-element_type=\"section\">\n\t\t\t\t\t\t<div class=\"elementor-container elementor-column-gap-default\">\n\t\t\t\t\t\t\t<div class=\"elementor-row\">\n\t\t\t\t\t<div class=\"elementor-column elementor-col-100 elementor-inner-column elementor-element elementor-element-b8217ed\" data-id=\"b8217ed\" data-element_type=\"column\">\n\t\t\t<div class=\"elementor-column-wrap elementor-element-populated\">\n\t\t\t\t\t\t\t<div class=\"elementor-widget-wrap\">\n\t\t\t\t\t\t<div class=\"elementor-element elementor-element-40de2092 elementor-widget__width-auto elementor-widget elementor-widget-heading\" data-id=\"40de2092\" data-element_type=\"widget\" data-widget_type=\"heading.default\">\n\t\t\t\t<div class=\"elementor-widget-container\">\n\t\t\t<h2 class=\"elementor-heading-title elementor-size-default\">#Comer\u00e7LocalEsVital<\/h2>\t\t<\/div>\n\t\t\t\t<\/div>\n\t\t\t\t\t\t<\/div>\n\t\t\t\t\t<\/div>\n\t\t<\/div>\n\t\t\t\t\t\t\t\t<\/div>\n\t\t\t\t\t<\/div>\n\t\t<\/section>\n\t\t\t\t\t\t<\/div>\n\t\t\t\t\t<\/div>\n\t\t<\/div>\n\t\t\t\t\t\t\t\t<\/div>\n\t\t\t\t\t<\/div>\n\t\t<\/section>\n\t\t\t\t<section class=\"elementor-section elementor-top-section elementor-element elementor-element-3bd1792b elementor-section-boxed elementor-section-height-default elementor-section-height-default\" data-id=\"3bd1792b\" data-element_type=\"section\" data-settings=\"{&quot;background_background&quot;:&quot;classic&quot;}\">\n\t\t\t\t\t\t<div class=\"elementor-container elementor-column-gap-default\">\n\t\t\t\t\t\t\t<div class=\"elementor-row\">\n\t\t\t\t\t<div class=\"elementor-column elementor-col-100 elementor-top-column elementor-element elementor-element-cbbd943\" data-id=\"cbbd943\" data-element_type=\"column\">\n\t\t\t<div class=\"elementor-column-wrap elementor-element-populated\">\n\t\t\t\t\t\t\t<div class=\"elementor-widget-wrap\">\n\t\t\t\t\t\t<section class=\"elementor-section elementor-inner-section elementor-element elementor-element-57cc2510 left_aligned_container elementor-section-boxed elementor-section-height-default elementor-section-height-default elementor-invisible\" data-id=\"57cc2510\" data-element_type=\"section\" data-settings=\"{&quot;animation&quot;:&quot;fadeInUp&quot;}\">\n\t\t\t\t\t\t<div class=\"elementor-container elementor-column-gap-default\">\n\t\t\t\t\t\t\t<div class=\"elementor-row\">\n\t\t\t\t\t<div class=\"elementor-column elementor-col-100 elementor-inner-column elementor-element elementor-element-859bbf1\" data-id=\"859bbf1\" data-element_type=\"column\">\n\t\t\t<div class=\"elementor-column-wrap elementor-element-populated\">\n\t\t\t\t\t\t\t<div class=\"elementor-widget-wrap\">\n\t\t\t\t\t\t<div class=\"elementor-element elementor-element-259aea7b elementor-widget elementor-widget-heading\" data-id=\"259aea7b\" data-element_type=\"widget\" data-widget_type=\"heading.default\">\n\t\t\t\t<div class=\"elementor-widget-container\">\n\t\t\t<h2 class=\"elementor-heading-title elementor-size-default\">Com trobar la botiga que necessites?<\/h2>\t\t<\/div>\n\t\t\t\t<\/div>\n\t\t\t\t<div class=\"elementor-element elementor-element-5bd939ed elementor-widget-divider--view-line elementor-widget elementor-widget-divider\" data-id=\"5bd939ed\" data-element_type=\"widget\" data-widget_type=\"divider.default\">\n\t\t\t\t<div class=\"elementor-widget-container\">\n\t\t\t\t\t<div class=\"elementor-divider\">\n\t\t\t<span class=\"elementor-divider-separator\">\n\t\t\t\t\t\t<\/span>\n\t\t<\/div>\n\t\t\t\t<\/div>\n\t\t\t\t<\/div>\n\t\t\t\t<div class=\"elementor-element elementor-element-7c923ac elementor-widget elementor-widget-text-editor\" data-id=\"7c923ac\" data-element_type=\"widget\" data-widget_type=\"text-editor.default\">\n\t\t\t\t<div class=\"elementor-widget-container\">\n\t\t\t\t\t\t\t\t<div class=\"elementor-text-editor elementor-clearfix\">\n\t\t\t\t\t<p><strong>1. <b>Compra a les botigues m\u00e9s pr\u00f2ximes: <\/b><span style=\"font-weight: 400;\">el flequer de la cantonada, la perruquera del barri, el petit supermercat al centre de la ciutat, etc. Al estar ben situats amb l\u2019entorn, els petits comerciants busquen satisfer les necessitats dels seus ve\u00efns escoltant-los i brindant-los un servei personalitzat. D\u2019aquesta manera i gr\u00e0cies a la regularitat i el tracte amb el comerciant, el client acaba trobant el servei i el producte que desitja obtenir.<\/span><\/strong><\/p><p><strong>2. <b>Informa\u2019t mitjan\u00e7ant el boca a boca: <\/b><span style=\"font-weight: 400;\">el bon boca a boca segueix sent una poderosa forma de trobar bons venedors i bons productes. La relaci\u00f3 que tingui amb les nostres persones m\u00e9s pr\u00f2ximes o m\u00e9s ben considerades li permetr\u00e0 al comerciant construir-se una reputaci\u00f3 que ser\u00e0 molt m\u00e9s forta que la aconseguida per una campanya de m\u00e0rqueting i publicitat.<\/span><\/strong><\/p><p><strong>3. <\/strong><b>Fes una recerca digital: <\/b><span style=\"font-weight: 400;\">El comer\u00e7 de proximitat est\u00e0 cada vegada m\u00e9s present al mon digital i \u00e9s una gran not\u00edcia per als consumidors. Hi ha varies p\u00e0gines que ajuden a trobar bons comer\u00e7os. El m\u00e9s obvi \u00e9s l\u2019\u00fas de Google, que utilitza dades de geolocalitzaci\u00f3 per a donar els noms i direccions de comerciants situats a prop de la posici\u00f3 de l\u2019usuari, en resposta a una sol\u00b7licitud del tipus \u201cPastisseria\u201d o \u201cSabateria\u201d. Aquest servei anomenat Google My Business, permet a un botiguer tenir f\u00e0cilment una presencia digital m\u00ednima amb certa informaci\u00f3 esencial, com l\u2019horari d\u2019atenci\u00f3, la direcci\u00f3 o el n\u00famero de tel\u00e8fon. \u00d2bviament, hi ha llocs i aplicacions m\u00e9s especialitzades que li permeten trobar al botiguer adequat, com la plataforma local Yelp, que recull els negocis de barri m\u00e9s propers a la teva ubicaci\u00f3 junt a les opinions dels consumidors.<\/span><\/p>\t\t\t\t\t<\/div>\n\t\t\t\t\t\t<\/div>\n\t\t\t\t<\/div>\n\t\t\t\t\t\t<\/div>\n\t\t\t\t\t<\/div>\n\t\t<\/div>\n\t\t\t\t\t\t\t\t<\/div>\n\t\t\t\t\t<\/div>\n\t\t<\/section>\n\t\t\t\t<section class=\"elementor-section elementor-inner-section elementor-element elementor-element-d030a42 right_aligned_container elementor-section-boxed elementor-section-height-default elementor-section-height-default elementor-invisible\" data-id=\"d030a42\" data-element_type=\"section\" data-settings=\"{&quot;animation&quot;:&quot;fadeInUp&quot;}\">\n\t\t\t\t\t\t<div class=\"elementor-container elementor-column-gap-default\">\n\t\t\t\t\t\t\t<div class=\"elementor-row\">\n\t\t\t\t\t<div class=\"elementor-column elementor-col-100 elementor-inner-column elementor-element elementor-element-325c97da\" data-id=\"325c97da\" data-element_type=\"column\">\n\t\t\t<div class=\"elementor-column-wrap elementor-element-populated\">\n\t\t\t\t\t\t\t<div class=\"elementor-widget-wrap\">\n\t\t\t\t\t\t<div class=\"elementor-element elementor-element-503956d6 elementor-widget elementor-widget-heading\" data-id=\"503956d6\" data-element_type=\"widget\" data-widget_type=\"heading.default\">\n\t\t\t\t<div class=\"elementor-widget-container\">\n\t\t\t<h2 class=\"elementor-heading-title elementor-size-default\">Canvia alguns h\u00e0bits<\/h2>\t\t<\/div>\n\t\t\t\t<\/div>\n\t\t\t\t<div class=\"elementor-element elementor-element-665d3203 elementor-widget-divider--view-line elementor-widget elementor-widget-divider\" data-id=\"665d3203\" data-element_type=\"widget\" data-widget_type=\"divider.default\">\n\t\t\t\t<div class=\"elementor-widget-container\">\n\t\t\t\t\t<div class=\"elementor-divider\">\n\t\t\t<span class=\"elementor-divider-separator\">\n\t\t\t\t\t\t<\/span>\n\t\t<\/div>\n\t\t\t\t<\/div>\n\t\t\t\t<\/div>\n\t\t\t\t<div class=\"elementor-element elementor-element-ee0dcb elementor-widget elementor-widget-text-editor\" data-id=\"ee0dcb\" data-element_type=\"widget\" data-widget_type=\"text-editor.default\">\n\t\t\t\t<div class=\"elementor-widget-container\">\n\t\t\t\t\t\t\t\t<div class=\"elementor-text-editor elementor-clearfix\">\n\t\t\t\t\t<p style=\"text-align: right;\"><strong>1. <b>Equipa\u2019t amb tot el necessari: <\/b><span style=\"font-weight: 400;\">Per a consumir localment, \u00e9s necessari tenir els elements adequats per a transportar el que haguem comprat. Per a les compres a peu son molt \u00fatils els carros de la compra, sobretot si aquestes tenen un volum relativament gran. Si no \u00e9s aix\u00ed, unes bosses de m\u00e0 serviran. Escull-les amb nanses c\u00f2modes, especialment si has de caminar molt. Viatges en bicicleta? Has pensat en posar-hi una cistella o portar un bolso per portar les compres? Tamb\u00e9 una motxilla ser\u00e0 suficient per a petites compres. Aquesta \u00e9s l\u2019oportunitat per a invertir en alguna bossa a granel i altres productes contenidors adaptats per aquest \u00fas per avan\u00e7ar cap al residu zero. Per \u00faltim, tingues sempre aquestes bosses a m\u00e0, aix\u00f2 et facilitar\u00e0 la automatitzaci\u00f3 d\u2019aquests nous h\u00e0bits.<\/span><\/strong><\/p><p style=\"text-align: right;\"><strong>2. <b>Organitza les teves compres: <\/b><span style=\"font-weight: 400;\">Estaves acostumat a comprar una vegada a la setmana? Probablement haur\u00e0s de fer les teves compres una mica m\u00e9s seguit anant a les botigues de proximitat. Sortir\u00e0s guanyant en frescor i qualitat de producte. Per a guanyar temps, pots adoptar nous h\u00e0bits. Per exemple, fes la comanda online al teu carnisser durant el teu temps de descans a l\u2019oficina i encarrega al teu fill gran que vagi a recollir la comanda al sortir de l\u2019escola.<\/span><\/strong><\/p><p style=\"text-align: right;\"><strong>3. <\/strong><b>Obre\u2019t a la conversa i a les noves relacions socials: <\/b><span style=\"font-weight: 400;\">No et comportis amb el teu petit comerciant com ho fas en un supermercat. A for\u00e7a de freq\u00fcentar-los, coneixem als venedors de les botigues locals i generem un vincle que contribueix a crear coher\u00e8ncia social dintre del barri o la ciutat. Llavors, m\u00e9s que mai, mostra cortesia i educaci\u00f3. Desenvolupa relacions amb el comerciant, i tamb\u00e9 amb altres clients.<\/span><\/p><p style=\"text-align: right;\"><strong>4. <b>Deixa pas a la teva curiositat: <\/b><span style=\"font-weight: 400;\">El comerciant coneix els seus productes millor que ning\u00fa perqu\u00e8 ell \u00e9s qui els escull, i sovint els fabrica. No dubtis en fer-li preguntes sobre l\u2019origen dels productes, la seva fabricaci\u00f3, la seva hist\u00f2ria&#8230; Sovint el comerciant \u00e9s un apassionat del que ven i estar\u00e0 encantat de donar-te tota la informaci\u00f3 sobre els productes. \u00c9s en aquests intercanvis informals que el professional pot adaptar la seva oferta i serveis a les teves expectatives. No son necessaris els q\u00fcestionaris de satisfacci\u00f3, el contacte directe i espontani entre el client i el comerciant \u00e9s un vertader punt fort de comer\u00e7 local.<\/span><\/strong><\/p>\t\t\t\t\t<\/div>\n\t\t\t\t\t\t<\/div>\n\t\t\t\t<\/div>\n\t\t\t\t\t\t<\/div>\n\t\t\t\t\t<\/div>\n\t\t<\/div>\n\t\t\t\t\t\t\t\t<\/div>\n\t\t\t\t\t<\/div>\n\t\t<\/section>\n\t\t\t\t\t\t<\/div>\n\t\t\t\t\t<\/div>\n\t\t<\/div>\n\t\t\t\t\t\t\t\t<\/div>\n\t\t\t\t\t<\/div>\n\t\t<\/section>\n\t\t\t\t\t\t<\/div>\n\t\t\t\t\t\t<\/div>\n\t\t\t\t\t<\/div>\n\t\t","protected":false},"excerpt":{"rendered":"<p>#Comer\u00e7LocalEsVital Com trobar la botiga que necessites? 1. Compra a les botigues m\u00e9s pr\u00f2ximes: el flequer de la cantonada, la perruquera del barri, el petit supermercat al centre de la ciutat, etc. Al estar ben situats amb l\u2019entorn, els petits comerciants busquen satisfer les necessitats dels seus ve\u00efns escoltant-los i brindant-los un servei personalitzat. D\u2019aquesta&hellip;&nbsp;<a href=\"https:\/\/comerciolocalesvital.com\/ca\/consejos-para-facilitarte-las-compras-en-comercios-locales\/\" class=\"\" rel=\"bookmark\">Read More &raquo;<span class=\"screen-reader-text\">Consells per a facilitar-te les compres a comer\u00e7os locals<\/span><\/a><\/p>\n","protected":false},"author":1,"featured_media":0,"parent":0,"menu_order":0,"comment_status":"closed","ping_status":"closed","template":"page-templates\/template-pagebuilder-full-width.php","meta":[],"_links":{"self":[{"href":"https:\/\/comerciolocalesvital.com\/ca\/wp-json\/wp\/v2\/pages\/244"}],"collection":[{"href":"https:\/\/comerciolocalesvital.com\/ca\/wp-json\/wp\/v2\/pages"}],"about":[{"href":"https:\/\/comerciolocalesvital.com\/ca\/wp-json\/wp\/v2\/types\/page"}],"author":[{"embeddable":true,"href":"https:\/\/comerciolocalesvital.com\/ca\/wp-json\/wp\/v2\/users\/1"}],"replies":[{"embeddable":true,"href":"https:\/\/comerciolocalesvital.com\/ca\/wp-json\/wp\/v2\/comments?post=244"}],"version-history":[{"count":10,"href":"https:\/\/comerciolocalesvital.com\/ca\/wp-json\/wp\/v2\/pages\/244\/revisions"}],"predecessor-version":[{"id":733,"href":"https:\/\/comerciolocalesvital.com\/ca\/wp-json\/wp\/v2\/pages\/244\/revisions\/733"}],"wp:attachment":[{"href":"https:\/\/comerciolocalesvital.com\/ca\/wp-json\/wp\/v2\/media?parent=244"}],"curies":[{"name":"wp","href":"https:\/\/api.w.org\/{rel}","templated":true}]}}