{"id":229,"date":"2020-04-24T11:01:40","date_gmt":"2020-04-24T11:01:40","guid":{"rendered":"http:\/\/localesvital.com\/que-es-el-comercio-de-proximidad\/"},"modified":"2020-05-12T14:40:10","modified_gmt":"2020-05-12T14:40:10","slug":"que-es-el-comercio-de-proximidad","status":"publish","type":"page","link":"https:\/\/comerciolocalesvital.com\/ca\/que-es-el-comercio-de-proximidad\/","title":{"rendered":"Qu\u00e8 \u00e9s el comer\u00e7 de proximitat?"},"content":{"rendered":"\t\t<div data-elementor-type=\"wp-page\" data-elementor-id=\"229\" class=\"elementor elementor-229 elementor-95\" data-elementor-settings=\"[]\">\n\t\t\t\t\t\t<div class=\"elementor-inner\">\n\t\t\t\t\t\t\t<div class=\"elementor-section-wrap\">\n\t\t\t\t\t\t\t<section class=\"elementor-section elementor-top-section elementor-element elementor-element-cee11b4 elementor-section-boxed elementor-section-height-default elementor-section-height-default\" data-id=\"cee11b4\" data-element_type=\"section\" data-settings=\"{&quot;background_background&quot;:&quot;classic&quot;}\">\n\t\t\t\t\t\t<div class=\"elementor-container elementor-column-gap-default\">\n\t\t\t\t\t\t\t<div class=\"elementor-row\">\n\t\t\t\t\t<div class=\"elementor-column elementor-col-100 elementor-top-column elementor-element elementor-element-60a2d8a\" data-id=\"60a2d8a\" data-element_type=\"column\">\n\t\t\t<div class=\"elementor-column-wrap elementor-element-populated\">\n\t\t\t\t\t\t\t<div class=\"elementor-widget-wrap\">\n\t\t\t\t\t\t<div class=\"elementor-element elementor-element-204ebd1 elementor-widget elementor-widget-spacer\" data-id=\"204ebd1\" data-element_type=\"widget\" data-widget_type=\"spacer.default\">\n\t\t\t\t<div class=\"elementor-widget-container\">\n\t\t\t\t\t<div class=\"elementor-spacer\">\n\t\t\t<div class=\"elementor-spacer-inner\"><\/div>\n\t\t<\/div>\n\t\t\t\t<\/div>\n\t\t\t\t<\/div>\n\t\t\t\t<section class=\"elementor-section elementor-inner-section elementor-element elementor-element-4de315e elementor-section-boxed elementor-section-height-default elementor-section-height-default\" data-id=\"4de315e\" data-element_type=\"section\">\n\t\t\t\t\t\t<div class=\"elementor-container elementor-column-gap-default\">\n\t\t\t\t\t\t\t<div class=\"elementor-row\">\n\t\t\t\t\t<div class=\"elementor-column elementor-col-100 elementor-inner-column elementor-element elementor-element-6320b41\" data-id=\"6320b41\" data-element_type=\"column\">\n\t\t\t<div class=\"elementor-column-wrap elementor-element-populated\">\n\t\t\t\t\t\t\t<div class=\"elementor-widget-wrap\">\n\t\t\t\t\t\t<div class=\"elementor-element elementor-element-67cf329 elementor-widget__width-auto elementor-widget elementor-widget-heading\" data-id=\"67cf329\" data-element_type=\"widget\" data-widget_type=\"heading.default\">\n\t\t\t\t<div class=\"elementor-widget-container\">\n\t\t\t<h2 class=\"elementor-heading-title elementor-size-default\">#Comer\u00e7LocalEsVital<\/h2>\t\t<\/div>\n\t\t\t\t<\/div>\n\t\t\t\t\t\t<\/div>\n\t\t\t\t\t<\/div>\n\t\t<\/div>\n\t\t\t\t\t\t\t\t<\/div>\n\t\t\t\t\t<\/div>\n\t\t<\/section>\n\t\t\t\t\t\t<\/div>\n\t\t\t\t\t<\/div>\n\t\t<\/div>\n\t\t\t\t\t\t\t\t<\/div>\n\t\t\t\t\t<\/div>\n\t\t<\/section>\n\t\t\t\t<section class=\"elementor-section elementor-top-section elementor-element elementor-element-fab0139 elementor-section-boxed elementor-section-height-default elementor-section-height-default\" data-id=\"fab0139\" data-element_type=\"section\" data-settings=\"{&quot;background_background&quot;:&quot;classic&quot;}\">\n\t\t\t\t\t\t<div class=\"elementor-container elementor-column-gap-default\">\n\t\t\t\t\t\t\t<div class=\"elementor-row\">\n\t\t\t\t\t<div class=\"elementor-column elementor-col-100 elementor-top-column elementor-element elementor-element-9fd61e2\" data-id=\"9fd61e2\" data-element_type=\"column\">\n\t\t\t<div class=\"elementor-column-wrap elementor-element-populated\">\n\t\t\t\t\t\t\t<div class=\"elementor-widget-wrap\">\n\t\t\t\t\t\t<div class=\"elementor-element elementor-element-c66fdf4 elementor-widget elementor-widget-text-editor\" data-id=\"c66fdf4\" data-element_type=\"widget\" data-widget_type=\"text-editor.default\">\n\t\t\t\t<div class=\"elementor-widget-container\">\n\t\t\t\t\t\t\t\t<div class=\"elementor-text-editor elementor-clearfix\">\n\t\t\t\t\t<p style=\"text-align: center;\"><span style=\"font-weight: 400;\">Ubicats en els baixos dels edificis o al centre dels nostres barris, els comer\u00e7os minoristes representen no menys del 14,3% de les empreses a Espanya (dades DIRCE de l\u20191 de gener de 2016). Llavors, com podem definir aquest tipus de negoci tan estimat pel ciutad\u00e0 espanyol?<\/span><\/p>\n<p style=\"text-align: center;\"><span style=\"font-weight: 400;\">Els comer\u00e7os de proximitat s\u00f3n superf\u00edcies comercials de venda al detall, sovint petites o mitjanes, que ofereixen productes o serveis destinats al consum diari o regular. S\u00f3n principalment negocis independents, per\u00f2 tamb\u00e9 hi ha franqu\u00edcies i cadenes minoristes.<\/span><\/p>\n<p style=\"text-align: center;\"><span style=\"font-weight: 400;\">El sector alimentari est\u00e0 fortament representat, principalment per les fleques, fruites i verdures, la carnisseria, la peixateria o la botiga de queviures. Tamb\u00e9 trobarem botigues de productes de consum quotidi\u00e0 com farm\u00e0cies, estancs o quioscos. Finalment, el comer\u00e7 de proximitat tamb\u00e9 inclou botigues amb visites m\u00e9s ocasionals, com les de roba, joieria, perfumeria, \u00f2ptica o perruqueria. Per tant, el comer\u00e7 de proximitat cobreix una \u00e0mplia gamma de productes i serveis en diversos sectors d\u2019activitat. En el llenguatge quotidi\u00e0, podem referir-nos al \u00abpetit comer\u00e7\u00bb, la \u00abbotiga del barri\u00bb o la \u00abbotiga independent\u00bb. Tots aquests termes defineixen, almenys parcialment, el comer\u00e7 de proximitat.<\/span><\/p>\t\t\t\t\t<\/div>\n\t\t\t\t\t\t<\/div>\n\t\t\t\t<\/div>\n\t\t\t\t\t\t<\/div>\n\t\t\t\t\t<\/div>\n\t\t<\/div>\n\t\t\t\t\t\t\t\t<\/div>\n\t\t\t\t\t<\/div>\n\t\t<\/section>\n\t\t\t\t\t\t<\/div>\n\t\t\t\t\t\t<\/div>\n\t\t\t\t\t<\/div>\n\t\t","protected":false},"excerpt":{"rendered":"<p>#Comer\u00e7LocalEsVital Ubicats en els baixos dels edificis o al centre dels nostres barris, els comer\u00e7os minoristes representen no menys del 14,3% de les empreses a Espanya (dades DIRCE de l\u20191 de gener de 2016). Llavors, com podem definir aquest tipus de negoci tan estimat pel ciutad\u00e0 espanyol? Els comer\u00e7os de proximitat s\u00f3n superf\u00edcies comercials de&hellip;&nbsp;<a href=\"https:\/\/comerciolocalesvital.com\/ca\/que-es-el-comercio-de-proximidad\/\" class=\"\" rel=\"bookmark\">Read More &raquo;<span class=\"screen-reader-text\">Qu\u00e8 \u00e9s el comer\u00e7 de proximitat?<\/span><\/a><\/p>\n","protected":false},"author":1,"featured_media":0,"parent":0,"menu_order":0,"comment_status":"closed","ping_status":"closed","template":"page-templates\/template-pagebuilder-full-width.php","meta":[],"_links":{"self":[{"href":"https:\/\/comerciolocalesvital.com\/ca\/wp-json\/wp\/v2\/pages\/229"}],"collection":[{"href":"https:\/\/comerciolocalesvital.com\/ca\/wp-json\/wp\/v2\/pages"}],"about":[{"href":"https:\/\/comerciolocalesvital.com\/ca\/wp-json\/wp\/v2\/types\/page"}],"author":[{"embeddable":true,"href":"https:\/\/comerciolocalesvital.com\/ca\/wp-json\/wp\/v2\/users\/1"}],"replies":[{"embeddable":true,"href":"https:\/\/comerciolocalesvital.com\/ca\/wp-json\/wp\/v2\/comments?post=229"}],"version-history":[{"count":10,"href":"https:\/\/comerciolocalesvital.com\/ca\/wp-json\/wp\/v2\/pages\/229\/revisions"}],"predecessor-version":[{"id":729,"href":"https:\/\/comerciolocalesvital.com\/ca\/wp-json\/wp\/v2\/pages\/229\/revisions\/729"}],"wp:attachment":[{"href":"https:\/\/comerciolocalesvital.com\/ca\/wp-json\/wp\/v2\/media?parent=229"}],"curies":[{"name":"wp","href":"https:\/\/api.w.org\/{rel}","templated":true}]}}