{"id":225,"date":"2020-04-24T08:00:02","date_gmt":"2020-04-24T08:00:02","guid":{"rendered":"http:\/\/localesvital.com\/home\/"},"modified":"2021-04-28T13:43:56","modified_gmt":"2021-04-28T11:43:56","slug":"home","status":"publish","type":"page","link":"https:\/\/comerciolocalesvital.com\/ca\/","title":{"rendered":"Home"},"content":{"rendered":"\t\t<div data-elementor-type=\"wp-page\" data-elementor-id=\"225\" class=\"elementor elementor-225 elementor-7\" data-elementor-settings=\"[]\">\n\t\t\t\t\t\t<div class=\"elementor-inner\">\n\t\t\t\t\t\t\t<div class=\"elementor-section-wrap\">\n\t\t\t\t\t\t\t<section class=\"elementor-section elementor-top-section elementor-element elementor-element-16d6bb6 elementor-section-full_width elementor-section-height-default elementor-section-height-default\" data-id=\"16d6bb6\" data-element_type=\"section\" data-settings=\"{&quot;background_background&quot;:&quot;classic&quot;}\">\n\t\t\t\t\t\t<div class=\"elementor-container elementor-column-gap-default\">\n\t\t\t\t\t\t\t<div class=\"elementor-row\">\n\t\t\t\t\t<div class=\"elementor-column elementor-col-100 elementor-top-column elementor-element elementor-element-99f5cc5\" data-id=\"99f5cc5\" data-element_type=\"column\">\n\t\t\t<div class=\"elementor-column-wrap elementor-element-populated\">\n\t\t\t\t\t\t\t<div class=\"elementor-widget-wrap\">\n\t\t\t\t\t\t<div class=\"elementor-element elementor-element-b137563 elementor-widget elementor-widget-spacer\" data-id=\"b137563\" data-element_type=\"widget\" data-widget_type=\"spacer.default\">\n\t\t\t\t<div class=\"elementor-widget-container\">\n\t\t\t\t\t<div class=\"elementor-spacer\">\n\t\t\t<div class=\"elementor-spacer-inner\"><\/div>\n\t\t<\/div>\n\t\t\t\t<\/div>\n\t\t\t\t<\/div>\n\t\t\t\t<section class=\"elementor-section elementor-inner-section elementor-element elementor-element-c4ec4e5 elementor-section-boxed elementor-section-height-default elementor-section-height-default\" data-id=\"c4ec4e5\" data-element_type=\"section\">\n\t\t\t\t\t\t<div class=\"elementor-container elementor-column-gap-default\">\n\t\t\t\t\t\t\t<div class=\"elementor-row\">\n\t\t\t\t\t<div class=\"elementor-column elementor-col-100 elementor-inner-column elementor-element elementor-element-3aeeb58\" data-id=\"3aeeb58\" data-element_type=\"column\">\n\t\t\t<div class=\"elementor-column-wrap elementor-element-populated\">\n\t\t\t\t\t\t\t<div class=\"elementor-widget-wrap\">\n\t\t\t\t\t\t<div class=\"elementor-element elementor-element-af9d9ec elementor-widget__width-auto elementor-widget elementor-widget-heading\" data-id=\"af9d9ec\" data-element_type=\"widget\" data-widget_type=\"heading.default\">\n\t\t\t\t<div class=\"elementor-widget-container\">\n\t\t\t<h2 class=\"elementor-heading-title elementor-size-default\">#Comer\u00e7LocalEsVital<\/h2>\t\t<\/div>\n\t\t\t\t<\/div>\n\t\t\t\t\t\t<\/div>\n\t\t\t\t\t<\/div>\n\t\t<\/div>\n\t\t\t\t\t\t\t\t<\/div>\n\t\t\t\t\t<\/div>\n\t\t<\/section>\n\t\t\t\t<div class=\"elementor-element elementor-element-afa5102 elementor-posts--align-left elementor-grid-3 elementor-grid-tablet-2 elementor-grid-mobile-1 elementor-posts--thumbnail-top elementor-card-shadow-yes elementor-posts__hover-gradient elementor-widget elementor-widget-posts\" data-id=\"afa5102\" data-element_type=\"widget\" data-settings=\"{&quot;cards_columns&quot;:&quot;3&quot;,&quot;cards_columns_tablet&quot;:&quot;2&quot;,&quot;cards_columns_mobile&quot;:&quot;1&quot;,&quot;cards_row_gap&quot;:{&quot;unit&quot;:&quot;px&quot;,&quot;size&quot;:35,&quot;sizes&quot;:[]}}\" data-widget_type=\"posts.cards\">\n\t\t\t\t<div class=\"elementor-widget-container\">\n\t\t\t\t\t<div class=\"elementor-posts-container elementor-posts elementor-posts--skin-cards elementor-grid\">\n\t\t\t\t<article class=\"elementor-post elementor-grid-item post-1329 post type-post status-publish format-standard hentry category-sense-categoria\">\n\t\t\t<div class=\"elementor-post__card\">\n\t\t\t\t<div class=\"elementor-post__text\">\n\t\t\t\t<h3 class=\"elementor-post__title\">\n\t\t\t<a href=\"https:\/\/comerciolocalesvital.com\/ca\/david-i-goliat-lal%c2%b7lusio-de-lultim-spot-de-vodafone\/\" >\n\t\t\t\tDavid i Goliat, l&#8217;al\u00b7lusi\u00f3 de l&#8217;\u00faltim spot de Vodafone\t\t\t<\/a>\n\t\t<\/h3>\n\t\t\t\t<div class=\"elementor-post__excerpt\">\n\t\t\t<p>Vodafone ha estat la darrera companyia en sumar-se al carro del petit comer\u00e7&nbsp;amb el seu nou spot Negocio Ilimitable. L\u2019empresa de telecomunicacions ha fet esment<\/p>\n\t\t<\/div>\n\t\t\t\t\t<a class=\"elementor-post__read-more\" href=\"https:\/\/comerciolocalesvital.com\/ca\/david-i-goliat-lal%c2%b7lusio-de-lultim-spot-de-vodafone\/\" >\n\t\t\t\tLlegir M\u00e9s >>\t\t\t<\/a>\n\t\t\t\t<\/div>\n\t\t\t\t\t<\/div>\n\t\t<\/article>\n\t\t\t\t<article class=\"elementor-post elementor-grid-item post-1281 post type-post status-publish format-standard hentry category-sense-categoria\">\n\t\t\t<div class=\"elementor-post__card\">\n\t\t\t\t<div class=\"elementor-post__text\">\n\t\t\t\t<h3 class=\"elementor-post__title\">\n\t\t\t<a href=\"https:\/\/comerciolocalesvital.com\/ca\/la-digitalitzacio-del-comerc-local-des-de-ladministracio\/\" >\n\t\t\t\tLa digitalitzaci\u00f3 del comer\u00e7 local des de l\u2019administraci\u00f3\t\t\t<\/a>\n\t\t<\/h3>\n\t\t\t\t<div class=\"elementor-post__excerpt\">\n\t\t\t<p>Amb l\u2019esclat de la covid-19 els sectors del comer\u00e7 i la restauraci\u00f3 han estat durament afectats, especialment degut a les necess\u00e0ries restriccions per mobilitat, aforament<\/p>\n\t\t<\/div>\n\t\t\t\t\t<a class=\"elementor-post__read-more\" href=\"https:\/\/comerciolocalesvital.com\/ca\/la-digitalitzacio-del-comerc-local-des-de-ladministracio\/\" >\n\t\t\t\tLlegir M\u00e9s >>\t\t\t<\/a>\n\t\t\t\t<\/div>\n\t\t\t\t\t<\/div>\n\t\t<\/article>\n\t\t\t\t<article class=\"elementor-post elementor-grid-item post-1211 post type-post status-publish format-standard hentry category-sense-categoria\">\n\t\t\t<div class=\"elementor-post__card\">\n\t\t\t\t<div class=\"elementor-post__text\">\n\t\t\t\t<h3 class=\"elementor-post__title\">\n\t\t\t<a href=\"https:\/\/comerciolocalesvital.com\/ca\/iniciativas-por-los-ayuntamientos-que-quieren-apoyar-el-comercio-local\/\" >\n\t\t\t\tIniciatives pels ajuntaments que volen recolzar el comer\u00e7 local\t\t\t<\/a>\n\t\t<\/h3>\n\t\t\t\t<div class=\"elementor-post__excerpt\">\n\t\t\t<p>Les institucions juguen un paper molt important a l\u2019hora de revifar el comer\u00e7 local. Per aix\u00f2, molts ajuntaments posen en pr\u00e0ctica campanyes a favor d\u2019aquest<\/p>\n\t\t<\/div>\n\t\t\t\t\t<a class=\"elementor-post__read-more\" href=\"https:\/\/comerciolocalesvital.com\/ca\/iniciativas-por-los-ayuntamientos-que-quieren-apoyar-el-comercio-local\/\" >\n\t\t\t\tLlegir M\u00e9s >>\t\t\t<\/a>\n\t\t\t\t<\/div>\n\t\t\t\t\t<\/div>\n\t\t<\/article>\n\t\t\t\t<\/div>\n\t\t\t\t<\/div>\n\t\t\t\t<\/div>\n\t\t\t\t<div class=\"elementor-element elementor-element-df5d1bf elementor-widget elementor-widget-image\" data-id=\"df5d1bf\" data-element_type=\"widget\" data-widget_type=\"image.default\">\n\t\t\t\t<div class=\"elementor-widget-container\">\n\t\t\t\t\t\t\t\t<div class=\"elementor-image\">\n\t\t\t\t\t\t\t\t\t\t\t\t<img src=\"https:\/\/comerciolocalesvital.com\/wp-content\/uploads\/2020\/04\/BG_landing_illustracions_CAT-1.png\" title=\"BG_landing_illustracions_CAT (1)\" alt=\"BG_landing_illustracions_CAT (1)\" \/>\t\t\t\t\t\t\t\t\t\t\t\t\t\t<\/div>\n\t\t\t\t\t\t<\/div>\n\t\t\t\t<\/div>\n\t\t\t\t<section class=\"elementor-section elementor-inner-section elementor-element elementor-element-bb3c6ed elementor-section-boxed elementor-section-height-default elementor-section-height-default\" data-id=\"bb3c6ed\" data-element_type=\"section\">\n\t\t\t\t\t\t<div class=\"elementor-container elementor-column-gap-default\">\n\t\t\t\t\t\t\t<div class=\"elementor-row\">\n\t\t\t\t\t<div class=\"elementor-column elementor-col-100 elementor-inner-column elementor-element elementor-element-6ee8e02\" data-id=\"6ee8e02\" data-element_type=\"column\">\n\t\t\t<div class=\"elementor-column-wrap elementor-element-populated\">\n\t\t\t\t\t\t\t<div class=\"elementor-widget-wrap\">\n\t\t\t\t\t\t<div class=\"elementor-element elementor-element-e972859 elementor-widget elementor-widget-text-editor\" data-id=\"e972859\" data-element_type=\"widget\" data-widget_type=\"text-editor.default\">\n\t\t\t\t<div class=\"elementor-widget-container\">\n\t\t\t\t\t\t\t\t<div class=\"elementor-text-editor elementor-clearfix\">\n\t\t\t\t\t<p><span style=\"font-weight: 400;\">Sovint haur\u00e0s escoltat als mitjans de comunicaci\u00f3 que haur\u00edem de fomentar l\u2019economia local comprant a botigues del nostre barri. A tots ens agradaria consumir localment i comprar a la nostra ciutat, per\u00f2 com fer-ho sense veure\u2019ns penalitzats si el comer\u00e7 electr\u00f2nic i els enviaments a domicili ofereixen avantatges tan significatius?<\/span><\/p><p><span style=\"font-weight: 400;\">Aqu\u00ed trobar\u00e0s tot el que necessites saber sobre el comer\u00e7 de proximitat: la seva definici\u00f3, els avantatges de consumir a les nostres botigues locals, com trobar millors botigues locals i consells per interactuar amb elles.<\/span><\/p>\t\t\t\t\t<\/div>\n\t\t\t\t\t\t<\/div>\n\t\t\t\t<\/div>\n\t\t\t\t<div class=\"elementor-element elementor-element-d19dd13 elementor-aspect-ratio-169 elementor-widget elementor-widget-video\" data-id=\"d19dd13\" data-element_type=\"widget\" data-settings=\"{&quot;youtube_url&quot;:&quot;https:\\\/\\\/www.youtube.com\\\/watch?v=SqnJVxUVYeQ&quot;,&quot;loop&quot;:&quot;yes&quot;,&quot;video_type&quot;:&quot;youtube&quot;,&quot;controls&quot;:&quot;yes&quot;,&quot;aspect_ratio&quot;:&quot;169&quot;}\" data-widget_type=\"video.default\">\n\t\t\t\t<div class=\"elementor-widget-container\">\n\t\t\t\t\t<div class=\"elementor-wrapper elementor-fit-aspect-ratio elementor-open-inline\">\n\t\t\t<div class=\"elementor-video\"><\/div>\t\t<\/div>\n\t\t\t\t<\/div>\n\t\t\t\t<\/div>\n\t\t\t\t\t\t<\/div>\n\t\t\t\t\t<\/div>\n\t\t<\/div>\n\t\t\t\t\t\t\t\t<\/div>\n\t\t\t\t\t<\/div>\n\t\t<\/section>\n\t\t\t\t\t\t<\/div>\n\t\t\t\t\t<\/div>\n\t\t<\/div>\n\t\t\t\t\t\t\t\t<\/div>\n\t\t\t\t\t<\/div>\n\t\t<\/section>\n\t\t\t\t\t\t<\/div>\n\t\t\t\t\t\t<\/div>\n\t\t\t\t\t<\/div>\n\t\t","protected":false},"excerpt":{"rendered":"<p>#Comer\u00e7LocalEsVital Sovint haur\u00e0s escoltat als mitjans de comunicaci\u00f3 que haur\u00edem de fomentar l\u2019economia local comprant a botigues del nostre barri. A tots ens agradaria consumir localment i comprar a la nostra ciutat, per\u00f2 com fer-ho sense veure\u2019ns penalitzats si el comer\u00e7 electr\u00f2nic i els enviaments a domicili ofereixen avantatges tan significatius? Aqu\u00ed trobar\u00e0s tot el&hellip;&nbsp;<a href=\"https:\/\/comerciolocalesvital.com\/ca\/iniciativas-por-los-ayuntamientos-que-quieren-apoyar-el-comercio-local\/\" class=\"\" rel=\"bookmark\">Read More &raquo;<span class=\"screen-reader-text\">Iniciatives pels ajuntaments que volen recolzar el comer\u00e7 local<\/span><\/a><\/p>\n","protected":false},"author":1,"featured_media":0,"parent":0,"menu_order":0,"comment_status":"closed","ping_status":"closed","template":"page-templates\/template-pagebuilder-full-width.php","meta":[],"_links":{"self":[{"href":"https:\/\/comerciolocalesvital.com\/ca\/wp-json\/wp\/v2\/pages\/225"}],"collection":[{"href":"https:\/\/comerciolocalesvital.com\/ca\/wp-json\/wp\/v2\/pages"}],"about":[{"href":"https:\/\/comerciolocalesvital.com\/ca\/wp-json\/wp\/v2\/types\/page"}],"author":[{"embeddable":true,"href":"https:\/\/comerciolocalesvital.com\/ca\/wp-json\/wp\/v2\/users\/1"}],"replies":[{"embeddable":true,"href":"https:\/\/comerciolocalesvital.com\/ca\/wp-json\/wp\/v2\/comments?post=225"}],"version-history":[{"count":55,"href":"https:\/\/comerciolocalesvital.com\/ca\/wp-json\/wp\/v2\/pages\/225\/revisions"}],"predecessor-version":[{"id":1233,"href":"https:\/\/comerciolocalesvital.com\/ca\/wp-json\/wp\/v2\/pages\/225\/revisions\/1233"}],"wp:attachment":[{"href":"https:\/\/comerciolocalesvital.com\/ca\/wp-json\/wp\/v2\/media?parent=225"}],"curies":[{"name":"wp","href":"https:\/\/api.w.org\/{rel}","templated":true}]}}